{"id":3807,"date":"2019-07-09T17:20:54","date_gmt":"2019-07-09T15:20:54","guid":{"rendered":"http:\/\/atas.devsrvr.net\/prodotto\/dls-125\/"},"modified":"2022-07-28T11:38:50","modified_gmt":"2022-07-28T09:38:50","slug":"dls-125","status":"publish","type":"product","link":"https:\/\/www.atassrl.it\/fr\/prodotto\/dls-125\/","title":{"rendered":"DLS 125"},"content":{"rendered":"<div class=\"page\" title=\"Page 24\">\n<div class=\"section\">\n<div class=\"layoutArea\">\n<div class=\"column\">\n<div><span lang=\"DE\">Il produit une mousse douce et volumineuse avec un haut pouvoir d&rsquo;ancrage qui assure une d\u00e9tergence parfaite. Se rince facilement, il ne laisse aucun r\u00e9sidu et n&rsquo;alt\u00e8re pas les performances de la cire. Op\u00e9rer \u00e0 une pression d&rsquo;au moins 5-6 atm. Il peut \u00eatre utilis\u00e9 aussi bien dans des syst\u00e8mes automatiques qu&rsquo;avec un n\u00e9buliseur moussant. <\/span><\/div>\n<div><span lang=\"ES\">La version \u00ab\u00a0AL\u00a0\u00bb avec moins d&rsquo;actifs est \u00e9galement disponible.<\/span><\/div>\n<\/div>\n<\/div>\n<\/div>\n<\/div>\n","protected":false},"excerpt":{"rendered":"<div class=\"page\" title=\"Page 24\">\n<div class=\"section\">\n<div class=\"layoutArea\">\n<div class=\"column\">\n<p>DETERGENT MOUSSANT<\/p>\n<\/div>\n<\/div>\n<\/div>\n<\/div>\n","protected":false},"featured_media":3221,"template":"","meta":{"_acf_changed":false,"_seopress_robots_primary_cat":"","_seopress_titles_title":"","_seopress_titles_desc":"","_seopress_robots_index":"","_seopress_analysis_target_kw":""},"product_brand":[],"product_cat":[272,362],"product_tag":[],"class_list":{"0":"post-3807","1":"product","2":"type-product","3":"status-publish","4":"has-post-thumbnail","6":"product_cat-linea-atasdet-fr","7":"product_cat-moussants","9":"first","10":"instock","11":"shipping-taxable","12":"product-type-variable"},"acf":[],"_links":{"self":[{"href":"https:\/\/www.atassrl.it\/fr\/wp-json\/wp\/v2\/product\/3807","targetHints":{"allow":["GET"]}}],"collection":[{"href":"https:\/\/www.atassrl.it\/fr\/wp-json\/wp\/v2\/product"}],"about":[{"href":"https:\/\/www.atassrl.it\/fr\/wp-json\/wp\/v2\/types\/product"}],"wp:featuredmedia":[{"embeddable":true,"href":"https:\/\/www.atassrl.it\/fr\/wp-json\/wp\/v2\/media\/3221"}],"wp:attachment":[{"href":"https:\/\/www.atassrl.it\/fr\/wp-json\/wp\/v2\/media?parent=3807"}],"wp:term":[{"taxonomy":"product_brand","embeddable":true,"href":"https:\/\/www.atassrl.it\/fr\/wp-json\/wp\/v2\/product_brand?post=3807"},{"taxonomy":"product_cat","embeddable":true,"href":"https:\/\/www.atassrl.it\/fr\/wp-json\/wp\/v2\/product_cat?post=3807"},{"taxonomy":"product_tag","embeddable":true,"href":"https:\/\/www.atassrl.it\/fr\/wp-json\/wp\/v2\/product_tag?post=3807"}],"curies":[{"name":"wp","href":"https:\/\/api.w.org\/{rel}","templated":true}]}}