{"id":3817,"date":"2019-07-09T17:23:27","date_gmt":"2019-07-09T15:23:27","guid":{"rendered":"http:\/\/atas.devsrvr.net\/prodotto\/dls-125-l3\/"},"modified":"2022-07-28T11:40:05","modified_gmt":"2022-07-28T09:40:05","slug":"dls-125-l3","status":"publish","type":"product","link":"https:\/\/www.atassrl.it\/fr\/prodotto\/dls-125-l3\/","title":{"rendered":"DLS 125 L3"},"content":{"rendered":"<div class=\"page\" title=\"Page 25\">\n<div class=\"section\">\n<div class=\"layoutArea\">\n<div class=\"column\">\n<div><span lang=\"DE\">Produit concentr\u00e9 \u00e0 fort impact visuel, il produit un d\u00e9tergent et un d\u00e9graissant de couleur bleue qui laisse les peintures brillantes et n&rsquo;obstrue pas les buses et les pompes. Compatible avec n&rsquo;importe quelle m\u00e9thode de purification et utilisable \u00e0 la fois dans les syst\u00e8mes automatiques et avec un n\u00e9buliseur moussant, il est recommand\u00e9 de fonctionner \u00e0 une pression d&rsquo;au moins 5-6 atm.<\/span><\/div>\n<\/div>\n<\/div>\n<\/div>\n<\/div>\n","protected":false},"excerpt":{"rendered":"<div class=\"page\" title=\"Page 25\">\n<div class=\"section\">\n<div class=\"layoutArea\">\n<div class=\"column\">\n<p>DETERGENT ECUMEUX COLORE<\/p>\n<\/div>\n<\/div>\n<\/div>\n<\/div>\n","protected":false},"featured_media":3218,"template":"","meta":{"_acf_changed":false,"_seopress_robots_primary_cat":"","_seopress_titles_title":"","_seopress_titles_desc":"","_seopress_robots_index":"","_seopress_analysis_target_kw":""},"product_brand":[],"product_cat":[272,362],"product_tag":[],"class_list":{"0":"post-3817","1":"product","2":"type-product","3":"status-publish","4":"has-post-thumbnail","6":"product_cat-linea-atasdet-fr","7":"product_cat-moussants","9":"first","10":"instock","11":"shipping-taxable","12":"product-type-variable"},"acf":[],"_links":{"self":[{"href":"https:\/\/www.atassrl.it\/fr\/wp-json\/wp\/v2\/product\/3817","targetHints":{"allow":["GET"]}}],"collection":[{"href":"https:\/\/www.atassrl.it\/fr\/wp-json\/wp\/v2\/product"}],"about":[{"href":"https:\/\/www.atassrl.it\/fr\/wp-json\/wp\/v2\/types\/product"}],"wp:featuredmedia":[{"embeddable":true,"href":"https:\/\/www.atassrl.it\/fr\/wp-json\/wp\/v2\/media\/3218"}],"wp:attachment":[{"href":"https:\/\/www.atassrl.it\/fr\/wp-json\/wp\/v2\/media?parent=3817"}],"wp:term":[{"taxonomy":"product_brand","embeddable":true,"href":"https:\/\/www.atassrl.it\/fr\/wp-json\/wp\/v2\/product_brand?post=3817"},{"taxonomy":"product_cat","embeddable":true,"href":"https:\/\/www.atassrl.it\/fr\/wp-json\/wp\/v2\/product_cat?post=3817"},{"taxonomy":"product_tag","embeddable":true,"href":"https:\/\/www.atassrl.it\/fr\/wp-json\/wp\/v2\/product_tag?post=3817"}],"curies":[{"name":"wp","href":"https:\/\/api.w.org\/{rel}","templated":true}]}}