{"id":3825,"date":"2019-07-09T17:25:50","date_gmt":"2019-07-09T15:25:50","guid":{"rendered":"http:\/\/atas.devsrvr.net\/prodotto\/dls-150\/"},"modified":"2022-07-28T11:41:17","modified_gmt":"2022-07-28T09:41:17","slug":"dls-150","status":"publish","type":"product","link":"https:\/\/www.atassrl.it\/fr\/prodotto\/dls-150\/","title":{"rendered":"DLS 150"},"content":{"rendered":"<div class=\"page\" title=\"Page 25\">\n<div class=\"section\">\n<div class=\"layoutArea\">\n<div class=\"column\">\n<div><span lang=\"DE\">Convient \u00e0 la fois aux syst\u00e8mes automatiques \u00e9quip\u00e9s de l&rsquo;arche appropri\u00e9e et d&rsquo;un n\u00e9buliseur de mousse. Riche en substance \u00e0 haut pouvoir d\u00e9graissant, il assure un nettoyage parfait gr\u00e2ce \u00e0 une douce couche de mousse. Il n&rsquo;obstrue pas les filtres, les buses et les pompes et se rince facilement. <\/span><\/div>\n<div><span lang=\"ES\">Op\u00e9rer \u00e0 une pression d&rsquo;au moins 5-6 atm.<\/span><\/div>\n<\/div>\n<\/div>\n<\/div>\n<\/div>\n","protected":false},"excerpt":{"rendered":"<div class=\"page\" title=\"Page 25\">\n<div class=\"section\">\n<div class=\"layoutArea\">\n<div class=\"column\">\n<p>DETERGENT EFFET NEIGE<\/p>\n<\/div>\n<\/div>\n<\/div>\n<\/div>\n","protected":false},"featured_media":3219,"template":"","meta":{"_acf_changed":false,"_seopress_robots_primary_cat":"","_seopress_titles_title":"","_seopress_titles_desc":"","_seopress_robots_index":"","_seopress_analysis_target_kw":""},"product_brand":[],"product_cat":[272,362],"product_tag":[],"class_list":{"0":"post-3825","1":"product","2":"type-product","3":"status-publish","4":"has-post-thumbnail","6":"product_cat-linea-atasdet-fr","7":"product_cat-moussants","9":"first","10":"instock","11":"shipping-taxable","12":"product-type-variable"},"acf":[],"_links":{"self":[{"href":"https:\/\/www.atassrl.it\/fr\/wp-json\/wp\/v2\/product\/3825","targetHints":{"allow":["GET"]}}],"collection":[{"href":"https:\/\/www.atassrl.it\/fr\/wp-json\/wp\/v2\/product"}],"about":[{"href":"https:\/\/www.atassrl.it\/fr\/wp-json\/wp\/v2\/types\/product"}],"wp:featuredmedia":[{"embeddable":true,"href":"https:\/\/www.atassrl.it\/fr\/wp-json\/wp\/v2\/media\/3219"}],"wp:attachment":[{"href":"https:\/\/www.atassrl.it\/fr\/wp-json\/wp\/v2\/media?parent=3825"}],"wp:term":[{"taxonomy":"product_brand","embeddable":true,"href":"https:\/\/www.atassrl.it\/fr\/wp-json\/wp\/v2\/product_brand?post=3825"},{"taxonomy":"product_cat","embeddable":true,"href":"https:\/\/www.atassrl.it\/fr\/wp-json\/wp\/v2\/product_cat?post=3825"},{"taxonomy":"product_tag","embeddable":true,"href":"https:\/\/www.atassrl.it\/fr\/wp-json\/wp\/v2\/product_tag?post=3825"}],"curies":[{"name":"wp","href":"https:\/\/api.w.org\/{rel}","templated":true}]}}