{"id":3851,"date":"2019-07-09T17:37:40","date_gmt":"2019-07-09T15:37:40","guid":{"rendered":"http:\/\/atas.devsrvr.net\/prodotto\/deter-pm3\/"},"modified":"2022-07-28T15:30:00","modified_gmt":"2022-07-28T13:30:00","slug":"deter-pm3","status":"publish","type":"product","link":"https:\/\/www.atassrl.it\/fr\/prodotto\/deter-pm3\/","title":{"rendered":"DETER PM3"},"content":{"rendered":"<div class=\"page\" title=\"Page 27\">\n<div class=\"section\">\n<div class=\"layoutArea\">\n<div class=\"column\">\n<div><span lang=\"DE\">Produit adjuvant \u00e0 l&rsquo;action de s\u00e9chage chimique de la cire. \u00c0 pH acide, il \u00e9limine toute alcalinit\u00e9 r\u00e9siduelle du pr\u00e9lavage et, gr\u00e2ce aux propri\u00e9t\u00e9s antistatiques de ses composants, facilite l&rsquo;action de s\u00e9chage de la voiture. La carrosserie sera parfaitement s\u00e8che, brillante et prot\u00e9g\u00e9e de la red\u00e9position des salissures, facilitant ainsi les lavages ult\u00e9rieurs. Cela aide \u00e9galement \u00e0 garder les pinceaux propres.<\/span><\/div>\n<\/div>\n<\/div>\n<\/div>\n<\/div>\n","protected":false},"excerpt":{"rendered":"<div class=\"page\" title=\"Page 27\">\n<div class=\"section\">\n<div class=\"layoutArea\">\n<div class=\"column\">\n<p>PRE-CIRE EXTRA POLISSANTE<\/p>\n<\/div>\n<\/div>\n<\/div>\n<\/div>\n","protected":false},"featured_media":9485,"template":"","meta":{"_acf_changed":false,"_seopress_robots_primary_cat":"","_seopress_titles_title":"","_seopress_titles_desc":"","_seopress_robots_index":"","_seopress_analysis_target_kw":""},"product_brand":[],"product_cat":[272,395],"product_tag":[],"class_list":{"0":"post-3851","1":"product","2":"type-product","3":"status-publish","4":"has-post-thumbnail","6":"product_cat-linea-atasdet-fr","7":"product_cat-pre-cires-et-cires","9":"first","10":"instock","11":"shipping-taxable","12":"product-type-variable"},"acf":[],"_links":{"self":[{"href":"https:\/\/www.atassrl.it\/fr\/wp-json\/wp\/v2\/product\/3851","targetHints":{"allow":["GET"]}}],"collection":[{"href":"https:\/\/www.atassrl.it\/fr\/wp-json\/wp\/v2\/product"}],"about":[{"href":"https:\/\/www.atassrl.it\/fr\/wp-json\/wp\/v2\/types\/product"}],"wp:featuredmedia":[{"embeddable":true,"href":"https:\/\/www.atassrl.it\/fr\/wp-json\/wp\/v2\/media\/9485"}],"wp:attachment":[{"href":"https:\/\/www.atassrl.it\/fr\/wp-json\/wp\/v2\/media?parent=3851"}],"wp:term":[{"taxonomy":"product_brand","embeddable":true,"href":"https:\/\/www.atassrl.it\/fr\/wp-json\/wp\/v2\/product_brand?post=3851"},{"taxonomy":"product_cat","embeddable":true,"href":"https:\/\/www.atassrl.it\/fr\/wp-json\/wp\/v2\/product_cat?post=3851"},{"taxonomy":"product_tag","embeddable":true,"href":"https:\/\/www.atassrl.it\/fr\/wp-json\/wp\/v2\/product_tag?post=3851"}],"curies":[{"name":"wp","href":"https:\/\/api.w.org\/{rel}","templated":true}]}}