{"id":3857,"date":"2019-07-09T17:40:13","date_gmt":"2019-07-09T15:40:13","guid":{"rendered":"http:\/\/atas.devsrvr.net\/prodotto\/repel-eco\/"},"modified":"2022-07-28T15:51:41","modified_gmt":"2022-07-28T13:51:41","slug":"repel-eco","status":"publish","type":"product","link":"https:\/\/www.atassrl.it\/fr\/prodotto\/repel-eco\/","title":{"rendered":"REPEL ECO"},"content":{"rendered":"<div class=\"page\" title=\"Page 28\">\n<div class=\"section\">\n<div class=\"layoutArea\">\n<div class=\"column\">\n<p style=\"font-weight: 400;\">Excellente formulation \u00e0 base cationique \u00e0 utiliser dans les syst\u00e8mes de lavage automatiques. Il provoque la rupture imm\u00e9diate du voile d&rsquo;eau, avec la formation cons\u00e9quente de gouttes qui, en glissant, laisseront la voiture parfaitement s\u00e8che et brillante. Un film fin prot\u00e9gera la peinture de l&rsquo;oxydation et facilitera les lavages ult\u00e9rieurs. Il ne g\u00e8le pas, ne graisse pas et ne salit pas les pinceaux et la zone d&rsquo;utilisation. Existe aussi en version \u00ab\u00a0RI\u00a0\u00bb avec moins d&rsquo;actifs et en version parfum\u00e9e \u00ab\u00a0PRF\u00a0\u00bb.<\/p>\n<\/div>\n<\/div>\n<\/div>\n<\/div>\n","protected":false},"excerpt":{"rendered":"<div class=\"page\" title=\"Page 28\">\n<div class=\"section\">\n<div class=\"layoutArea\">\n<div class=\"column\">\n<p>CIRE AUTO-SECHANTE<\/p>\n<\/div>\n<\/div>\n<\/div>\n<\/div>\n","protected":false},"featured_media":3318,"template":"","meta":{"_acf_changed":false,"_seopress_robots_primary_cat":"","_seopress_titles_title":"","_seopress_titles_desc":"","_seopress_robots_index":"","_seopress_analysis_target_kw":""},"product_brand":[],"product_cat":[272,395],"product_tag":[],"class_list":{"0":"post-3857","1":"product","2":"type-product","3":"status-publish","4":"has-post-thumbnail","6":"product_cat-linea-atasdet-fr","7":"product_cat-pre-cires-et-cires","9":"first","10":"instock","11":"shipping-taxable","12":"product-type-variable"},"acf":[],"_links":{"self":[{"href":"https:\/\/www.atassrl.it\/fr\/wp-json\/wp\/v2\/product\/3857","targetHints":{"allow":["GET"]}}],"collection":[{"href":"https:\/\/www.atassrl.it\/fr\/wp-json\/wp\/v2\/product"}],"about":[{"href":"https:\/\/www.atassrl.it\/fr\/wp-json\/wp\/v2\/types\/product"}],"wp:featuredmedia":[{"embeddable":true,"href":"https:\/\/www.atassrl.it\/fr\/wp-json\/wp\/v2\/media\/3318"}],"wp:attachment":[{"href":"https:\/\/www.atassrl.it\/fr\/wp-json\/wp\/v2\/media?parent=3857"}],"wp:term":[{"taxonomy":"product_brand","embeddable":true,"href":"https:\/\/www.atassrl.it\/fr\/wp-json\/wp\/v2\/product_brand?post=3857"},{"taxonomy":"product_cat","embeddable":true,"href":"https:\/\/www.atassrl.it\/fr\/wp-json\/wp\/v2\/product_cat?post=3857"},{"taxonomy":"product_tag","embeddable":true,"href":"https:\/\/www.atassrl.it\/fr\/wp-json\/wp\/v2\/product_tag?post=3857"}],"curies":[{"name":"wp","href":"https:\/\/api.w.org\/{rel}","templated":true}]}}