{"id":3863,"date":"2019-07-09T17:42:47","date_gmt":"2019-07-09T15:42:47","guid":{"rendered":"http:\/\/atas.devsrvr.net\/prodotto\/repel-107-d\/"},"modified":"2022-07-28T15:56:59","modified_gmt":"2022-07-28T13:56:59","slug":"repel-107-d","status":"publish","type":"product","link":"https:\/\/www.atassrl.it\/fr\/prodotto\/repel-107-d\/","title":{"rendered":"REPEL 107 D"},"content":{"rendered":"<div class=\"page\" title=\"Page 28\">\n<div class=\"section\">\n<div class=\"layoutArea\">\n<div class=\"column\">\n<div><span lang=\"DE\">Nouvelle formule hydrofuge concentr\u00e9e pour le s\u00e9chage chimique dans les syst\u00e8mes de lavage automatiques. <\/span>Rapide et efficace, il provoque le d\u00e9doublement imm\u00e9diat de l&rsquo;eau qui va glisser sur la carrosserie la laissant s\u00e8che et \u00e9tonnamment brillante. Efficace m\u00eame en pr\u00e9sence d&rsquo;eau dure ou recycl\u00e9e, il ne g\u00e8le pas, ne graisse pas, ne tache pas et ne salit pas les pinceaux et le domaine d&rsquo;utilisation.<\/div>\n<\/div>\n<\/div>\n<\/div>\n<\/div>\n","protected":false},"excerpt":{"rendered":"<div class=\"page\" title=\"Page 28\">\n<div class=\"section\">\n<div class=\"layoutArea\">\n<div class=\"column\">\n<p>CIRE AUTO-SECHANTE<\/p>\n<\/div>\n<\/div>\n<\/div>\n<\/div>\n","protected":false},"featured_media":3316,"template":"","meta":{"_acf_changed":false,"_seopress_robots_primary_cat":"","_seopress_titles_title":"","_seopress_titles_desc":"","_seopress_robots_index":"","_seopress_analysis_target_kw":""},"product_brand":[],"product_cat":[272,395],"product_tag":[],"class_list":{"0":"post-3863","1":"product","2":"type-product","3":"status-publish","4":"has-post-thumbnail","6":"product_cat-linea-atasdet-fr","7":"product_cat-pre-cires-et-cires","9":"first","10":"instock","11":"shipping-taxable","12":"product-type-variable"},"acf":[],"_links":{"self":[{"href":"https:\/\/www.atassrl.it\/fr\/wp-json\/wp\/v2\/product\/3863","targetHints":{"allow":["GET"]}}],"collection":[{"href":"https:\/\/www.atassrl.it\/fr\/wp-json\/wp\/v2\/product"}],"about":[{"href":"https:\/\/www.atassrl.it\/fr\/wp-json\/wp\/v2\/types\/product"}],"wp:featuredmedia":[{"embeddable":true,"href":"https:\/\/www.atassrl.it\/fr\/wp-json\/wp\/v2\/media\/3316"}],"wp:attachment":[{"href":"https:\/\/www.atassrl.it\/fr\/wp-json\/wp\/v2\/media?parent=3863"}],"wp:term":[{"taxonomy":"product_brand","embeddable":true,"href":"https:\/\/www.atassrl.it\/fr\/wp-json\/wp\/v2\/product_brand?post=3863"},{"taxonomy":"product_cat","embeddable":true,"href":"https:\/\/www.atassrl.it\/fr\/wp-json\/wp\/v2\/product_cat?post=3863"},{"taxonomy":"product_tag","embeddable":true,"href":"https:\/\/www.atassrl.it\/fr\/wp-json\/wp\/v2\/product_tag?post=3863"}],"curies":[{"name":"wp","href":"https:\/\/api.w.org\/{rel}","templated":true}]}}