{"id":3869,"date":"2019-07-09T17:45:30","date_gmt":"2019-07-09T15:45:30","guid":{"rendered":"http:\/\/atas.devsrvr.net\/prodotto\/repel-123-s\/"},"modified":"2022-07-28T15:58:50","modified_gmt":"2022-07-28T13:58:50","slug":"repel-123-s","status":"publish","type":"product","link":"https:\/\/www.atassrl.it\/fr\/prodotto\/repel-123-s\/","title":{"rendered":"REPEL 123 S"},"content":{"rendered":"<div class=\"page\" title=\"Page 28\">\n<div class=\"section\">\n<div class=\"layoutArea\">\n<div class=\"column\">\n<p style=\"font-weight: 400;\">Produit hautement concentr\u00e9 adapt\u00e9 aux lavages rapides de voitures. Son caract\u00e8re ol\u00e9ique marqu\u00e9 favorise la rupture du voile d&rsquo;eau et garantit un r\u00e9sultat final sec et brillant. La fine pellicule qui reste sur la peinture la prot\u00e8ge de l&rsquo;oxydation et facilite les lavages ult\u00e9rieurs. Il ne g\u00e8le pas, ne graisse pas et ne salit pas. Existe aussi en version parfum\u00e9e \u00ab PRF \u00bb.<\/p>\n<\/div>\n<\/div>\n<\/div>\n<\/div>\n","protected":false},"excerpt":{"rendered":"<div class=\"page\" title=\"Page 28\">\n<div class=\"section\">\n<div class=\"layoutArea\">\n<div class=\"column\">\n<p>SUPER CIRE HYDROFUGE<\/p>\n<\/div>\n<\/div>\n<\/div>\n<\/div>\n","protected":false},"featured_media":3317,"template":"","meta":{"_acf_changed":false,"_seopress_robots_primary_cat":"","_seopress_titles_title":"","_seopress_titles_desc":"","_seopress_robots_index":"","_seopress_analysis_target_kw":""},"product_brand":[],"product_cat":[272,395],"product_tag":[],"class_list":{"0":"post-3869","1":"product","2":"type-product","3":"status-publish","4":"has-post-thumbnail","6":"product_cat-linea-atasdet-fr","7":"product_cat-pre-cires-et-cires","9":"first","10":"instock","11":"shipping-taxable","12":"product-type-variable"},"acf":[],"_links":{"self":[{"href":"https:\/\/www.atassrl.it\/fr\/wp-json\/wp\/v2\/product\/3869","targetHints":{"allow":["GET"]}}],"collection":[{"href":"https:\/\/www.atassrl.it\/fr\/wp-json\/wp\/v2\/product"}],"about":[{"href":"https:\/\/www.atassrl.it\/fr\/wp-json\/wp\/v2\/types\/product"}],"wp:featuredmedia":[{"embeddable":true,"href":"https:\/\/www.atassrl.it\/fr\/wp-json\/wp\/v2\/media\/3317"}],"wp:attachment":[{"href":"https:\/\/www.atassrl.it\/fr\/wp-json\/wp\/v2\/media?parent=3869"}],"wp:term":[{"taxonomy":"product_brand","embeddable":true,"href":"https:\/\/www.atassrl.it\/fr\/wp-json\/wp\/v2\/product_brand?post=3869"},{"taxonomy":"product_cat","embeddable":true,"href":"https:\/\/www.atassrl.it\/fr\/wp-json\/wp\/v2\/product_cat?post=3869"},{"taxonomy":"product_tag","embeddable":true,"href":"https:\/\/www.atassrl.it\/fr\/wp-json\/wp\/v2\/product_tag?post=3869"}],"curies":[{"name":"wp","href":"https:\/\/api.w.org\/{rel}","templated":true}]}}