{"id":3875,"date":"2019-07-09T17:48:42","date_gmt":"2019-07-09T15:48:42","guid":{"rendered":"http:\/\/atas.devsrvr.net\/prodotto\/idrolak-64b\/"},"modified":"2022-07-28T16:06:35","modified_gmt":"2022-07-28T14:06:35","slug":"idrolak-64b","status":"publish","type":"product","link":"https:\/\/www.atassrl.it\/fr\/prodotto\/idrolak-64b\/","title":{"rendered":"IDROLAK 64B"},"content":{"rendered":"<div class=\"page\" title=\"Page 29\">\n<div class=\"section\">\n<div class=\"layoutArea\">\n<div class=\"column\">\n<p style=\"font-weight: 400;\">Ce produit a une teneur \u00e9lev\u00e9e en substances hydrofuges qui assurent une rupture tr\u00e8s rapide de l&rsquo;eau sur la carrosserie et une glissance surprenante qui laissera les peintures s\u00e8ches et brillantes. Il ne laisse aucun r\u00e9sidu et ne salit pas. \u00c9galement disponible dans la version moins ch\u00e8re IDROLAK B2.<\/p>\n<\/div>\n<\/div>\n<\/div>\n<\/div>\n","protected":false},"excerpt":{"rendered":"<div class=\"page\" title=\"Page 29\">\n<div class=\"section\">\n<div class=\"layoutArea\">\n<div class=\"column\">\n<p>CIRE DE-PERLANTE<\/p>\n<\/div>\n<\/div>\n<\/div>\n<\/div>\n","protected":false},"featured_media":3256,"template":"","meta":{"_acf_changed":false,"_seopress_robots_primary_cat":"","_seopress_titles_title":"","_seopress_titles_desc":"","_seopress_robots_index":"","_seopress_analysis_target_kw":""},"product_brand":[],"product_cat":[272,395],"product_tag":[],"class_list":{"0":"post-3875","1":"product","2":"type-product","3":"status-publish","4":"has-post-thumbnail","6":"product_cat-linea-atasdet-fr","7":"product_cat-pre-cires-et-cires","9":"first","10":"instock","11":"shipping-taxable","12":"product-type-variable"},"acf":[],"_links":{"self":[{"href":"https:\/\/www.atassrl.it\/fr\/wp-json\/wp\/v2\/product\/3875","targetHints":{"allow":["GET"]}}],"collection":[{"href":"https:\/\/www.atassrl.it\/fr\/wp-json\/wp\/v2\/product"}],"about":[{"href":"https:\/\/www.atassrl.it\/fr\/wp-json\/wp\/v2\/types\/product"}],"wp:featuredmedia":[{"embeddable":true,"href":"https:\/\/www.atassrl.it\/fr\/wp-json\/wp\/v2\/media\/3256"}],"wp:attachment":[{"href":"https:\/\/www.atassrl.it\/fr\/wp-json\/wp\/v2\/media?parent=3875"}],"wp:term":[{"taxonomy":"product_brand","embeddable":true,"href":"https:\/\/www.atassrl.it\/fr\/wp-json\/wp\/v2\/product_brand?post=3875"},{"taxonomy":"product_cat","embeddable":true,"href":"https:\/\/www.atassrl.it\/fr\/wp-json\/wp\/v2\/product_cat?post=3875"},{"taxonomy":"product_tag","embeddable":true,"href":"https:\/\/www.atassrl.it\/fr\/wp-json\/wp\/v2\/product_tag?post=3875"}],"curies":[{"name":"wp","href":"https:\/\/api.w.org\/{rel}","templated":true}]}}