{"id":3907,"date":"2019-07-09T18:00:06","date_gmt":"2019-07-09T16:00:06","guid":{"rendered":"http:\/\/atas.devsrvr.net\/prodotto\/uniwax\/"},"modified":"2022-07-29T09:25:11","modified_gmt":"2022-07-29T07:25:11","slug":"uniwax","status":"publish","type":"product","link":"https:\/\/www.atassrl.it\/fr\/prodotto\/uniwax\/","title":{"rendered":"UNIWAX"},"content":{"rendered":"<div class=\"page\" title=\"Page 30\">\n<div class=\"section\">\n<div class=\"layoutArea\">\n<div class=\"column\">\n<p style=\"font-weight: 400;\">Formulation sp\u00e9ciale polym\u00e8re-cationique capable d&rsquo;assurer le s\u00e9chage parfait et rapide de la voiture. Utilisable dans les tunnels et les syst\u00e8mes de lavage en libre-service, il offre des performances \u00e9lev\u00e9es garantissant des r\u00e9sultats ultra-brillants et une intensit\u00e9 de couleur profonde. Il peut \u00eatre utilis\u00e9 avec de l&rsquo;eau dure et osmotique ; il ne laisse pas d&rsquo;aur\u00e9oles ni de t\u00e2ches blanches et ne salit pas les pinceaux. Produit exempt d&rsquo;huiles min\u00e9rales, de solvants aliphatiques et aromatiques. Il contient un pourcentage \u00e9lev\u00e9 de substances d&rsquo;origine naturelle qui lui conf\u00e8rent un excellent profil \u00e9cologique.<\/p>\n<\/div>\n<\/div>\n<\/div>\n<\/div>\n","protected":false},"excerpt":{"rendered":"<div class=\"page\" title=\"Page 30\">\n<div class=\"section\">\n<div class=\"layoutArea\">\n<div class=\"column\">\n<p>AGENT DE POLISSAGE AUTO-S\u00c9CHANT CONCENTR\u00c9<\/p>\n<\/div>\n<\/div>\n<\/div>\n<\/div>\n","protected":false},"featured_media":9500,"template":"","meta":{"_acf_changed":false,"_seopress_robots_primary_cat":"","_seopress_titles_title":"","_seopress_titles_desc":"","_seopress_robots_index":"","_seopress_analysis_target_kw":""},"product_brand":[],"product_cat":[272,395],"product_tag":[],"class_list":{"0":"post-3907","1":"product","2":"type-product","3":"status-publish","4":"has-post-thumbnail","6":"product_cat-linea-atasdet-fr","7":"product_cat-pre-cires-et-cires","9":"first","10":"instock","11":"shipping-taxable","12":"product-type-variable"},"acf":[],"_links":{"self":[{"href":"https:\/\/www.atassrl.it\/fr\/wp-json\/wp\/v2\/product\/3907","targetHints":{"allow":["GET"]}}],"collection":[{"href":"https:\/\/www.atassrl.it\/fr\/wp-json\/wp\/v2\/product"}],"about":[{"href":"https:\/\/www.atassrl.it\/fr\/wp-json\/wp\/v2\/types\/product"}],"wp:featuredmedia":[{"embeddable":true,"href":"https:\/\/www.atassrl.it\/fr\/wp-json\/wp\/v2\/media\/9500"}],"wp:attachment":[{"href":"https:\/\/www.atassrl.it\/fr\/wp-json\/wp\/v2\/media?parent=3907"}],"wp:term":[{"taxonomy":"product_brand","embeddable":true,"href":"https:\/\/www.atassrl.it\/fr\/wp-json\/wp\/v2\/product_brand?post=3907"},{"taxonomy":"product_cat","embeddable":true,"href":"https:\/\/www.atassrl.it\/fr\/wp-json\/wp\/v2\/product_cat?post=3907"},{"taxonomy":"product_tag","embeddable":true,"href":"https:\/\/www.atassrl.it\/fr\/wp-json\/wp\/v2\/product_tag?post=3907"}],"curies":[{"name":"wp","href":"https:\/\/api.w.org\/{rel}","templated":true}]}}