{"id":3919,"date":"2019-07-11T15:00:58","date_gmt":"2019-07-11T13:00:58","guid":{"rendered":"http:\/\/atas.devsrvr.net\/prodotto\/millebolle\/"},"modified":"2022-08-01T17:31:30","modified_gmt":"2022-08-01T15:31:30","slug":"millebolle","status":"publish","type":"product","link":"https:\/\/www.atassrl.it\/fr\/prodotto\/millebolle\/","title":{"rendered":"MILLEBOLLE"},"content":{"rendered":"<div class=\"page\" title=\"Page 32\">\n<div class=\"section\">\n<div class=\"layoutArea\">\n<div class=\"column\">\n<p style=\"font-weight: 400;\">M\u00e9lange de tensioactifs \u00e0 haut pouvoir moussant avec un mauvais effet lavant. La mousse abondante d\u00e9velopp\u00e9e est cependant capable d&rsquo;adoucir la salet\u00e9 r\u00e9siduelle, facilitant son nettoyage final avec les brosses. Produit l\u00e9ger qui se rince facilement, ne laisse aucun r\u00e9sidu et garantit une excellente brillance \u00e0 la voiture.<\/p>\n<\/div>\n<\/div>\n<\/div>\n<\/div>\n","protected":false},"excerpt":{"rendered":"<div class=\"page\" title=\"Page 32\">\n<div class=\"section\">\n<div class=\"layoutArea\">\n<div class=\"column\">\n<div><span lang=\"DE\">MOUSSE DE POLISSAGE PARFUM\u00c9E<\/span><\/div>\n<\/div>\n<\/div>\n<\/div>\n<\/div>\n","protected":false},"featured_media":3285,"template":"","meta":{"_acf_changed":false,"_seopress_robots_primary_cat":"","_seopress_titles_title":"","_seopress_titles_desc":"","_seopress_robots_index":"","_seopress_analysis_target_kw":""},"product_brand":[],"product_cat":[272,388],"product_tag":[],"class_list":{"0":"post-3919","1":"product","2":"type-product","3":"status-publish","4":"has-post-thumbnail","6":"product_cat-linea-atasdet-fr","7":"product_cat-linea-red-cycle-base","9":"first","10":"instock","11":"shipping-taxable","12":"product-type-variable"},"acf":[],"_links":{"self":[{"href":"https:\/\/www.atassrl.it\/fr\/wp-json\/wp\/v2\/product\/3919","targetHints":{"allow":["GET"]}}],"collection":[{"href":"https:\/\/www.atassrl.it\/fr\/wp-json\/wp\/v2\/product"}],"about":[{"href":"https:\/\/www.atassrl.it\/fr\/wp-json\/wp\/v2\/types\/product"}],"wp:featuredmedia":[{"embeddable":true,"href":"https:\/\/www.atassrl.it\/fr\/wp-json\/wp\/v2\/media\/3285"}],"wp:attachment":[{"href":"https:\/\/www.atassrl.it\/fr\/wp-json\/wp\/v2\/media?parent=3919"}],"wp:term":[{"taxonomy":"product_brand","embeddable":true,"href":"https:\/\/www.atassrl.it\/fr\/wp-json\/wp\/v2\/product_brand?post=3919"},{"taxonomy":"product_cat","embeddable":true,"href":"https:\/\/www.atassrl.it\/fr\/wp-json\/wp\/v2\/product_cat?post=3919"},{"taxonomy":"product_tag","embeddable":true,"href":"https:\/\/www.atassrl.it\/fr\/wp-json\/wp\/v2\/product_tag?post=3919"}],"curies":[{"name":"wp","href":"https:\/\/api.w.org\/{rel}","templated":true}]}}