{"id":3931,"date":"2019-07-11T15:05:22","date_gmt":"2019-07-11T13:05:22","guid":{"rendered":"http:\/\/atas.devsrvr.net\/prodotto\/cerolux\/"},"modified":"2022-08-01T17:36:46","modified_gmt":"2022-08-01T15:36:46","slug":"cerolux","status":"publish","type":"product","link":"https:\/\/www.atassrl.it\/fr\/prodotto\/cerolux\/","title":{"rendered":"CEROLUX"},"content":{"rendered":"<div class=\"page\" title=\"Page 32\">\n<div class=\"section\">\n<div class=\"layoutArea\">\n<div class=\"column\">\n<p style=\"font-weight: 400;\">\u00c9mulsion cationique stabilis\u00e9e \u00e0 haute concentration, sp\u00e9cifique pour le s\u00e9chage chimique dans les tunnels de lavage \u00e0 grande vitesse. Les substances sp\u00e9ciales quaternis\u00e9es contenues provoqueront la rupture imm\u00e9diate du voile d&rsquo;eau qui se transformera en grosses gouttes tr\u00e8s fluides. Utilis\u00e9 en conjonction avec le pr\u00e9-cire \u00ab\u00a0Autodry\u00a0\u00bb, il assure des r\u00e9sultats de brillance surprenants et une voiture parfaitement s\u00e8che. Il peut \u00eatre utilis\u00e9 en toute saison, il est non gras et ne laisse aucun r\u00e9sidu.<\/p>\n<\/div>\n<\/div>\n<\/div>\n<\/div>\n","protected":false},"excerpt":{"rendered":"<div class=\"page\" title=\"Page 32\">\n<div class=\"section\">\n<div class=\"layoutArea\">\n<div class=\"column\">\n<div><span lang=\"DE\">CIRE DE POLISSAGE CONCENTR\u00c9E<\/span><\/div>\n<\/div>\n<\/div>\n<\/div>\n<\/div>\n","protected":false},"featured_media":3269,"template":"","meta":{"_acf_changed":false,"_seopress_robots_primary_cat":"","_seopress_titles_title":"","_seopress_titles_desc":"","_seopress_robots_index":"","_seopress_analysis_target_kw":""},"product_brand":[],"product_cat":[272,388],"product_tag":[],"class_list":{"0":"post-3931","1":"product","2":"type-product","3":"status-publish","4":"has-post-thumbnail","6":"product_cat-linea-atasdet-fr","7":"product_cat-linea-red-cycle-base","9":"first","10":"instock","11":"shipping-taxable","12":"product-type-variable"},"acf":[],"_links":{"self":[{"href":"https:\/\/www.atassrl.it\/fr\/wp-json\/wp\/v2\/product\/3931","targetHints":{"allow":["GET"]}}],"collection":[{"href":"https:\/\/www.atassrl.it\/fr\/wp-json\/wp\/v2\/product"}],"about":[{"href":"https:\/\/www.atassrl.it\/fr\/wp-json\/wp\/v2\/types\/product"}],"wp:featuredmedia":[{"embeddable":true,"href":"https:\/\/www.atassrl.it\/fr\/wp-json\/wp\/v2\/media\/3269"}],"wp:attachment":[{"href":"https:\/\/www.atassrl.it\/fr\/wp-json\/wp\/v2\/media?parent=3931"}],"wp:term":[{"taxonomy":"product_brand","embeddable":true,"href":"https:\/\/www.atassrl.it\/fr\/wp-json\/wp\/v2\/product_brand?post=3931"},{"taxonomy":"product_cat","embeddable":true,"href":"https:\/\/www.atassrl.it\/fr\/wp-json\/wp\/v2\/product_cat?post=3931"},{"taxonomy":"product_tag","embeddable":true,"href":"https:\/\/www.atassrl.it\/fr\/wp-json\/wp\/v2\/product_tag?post=3931"}],"curies":[{"name":"wp","href":"https:\/\/api.w.org\/{rel}","templated":true}]}}