{"id":3943,"date":"2019-07-11T15:11:19","date_gmt":"2019-07-11T13:11:19","guid":{"rendered":"http:\/\/atas.devsrvr.net\/prodotto\/foam-bit\/"},"modified":"2022-08-01T17:47:14","modified_gmt":"2022-08-01T15:47:14","slug":"foam-bit","status":"publish","type":"product","link":"https:\/\/www.atassrl.it\/fr\/prodotto\/foam-bit\/","title":{"rendered":"FOAM BIT"},"content":{"rendered":"<div class=\"page\" title=\"Page 33\">\n<div class=\"layoutArea\">\n<div class=\"column\">\n<p style=\"font-weight: 400;\">Mousse d\u00e9tergente active \u00e0 haut pouvoir moussant qui facilite l&rsquo;action nettoyante des brosses. Facilement rinc\u00e9, il ne laisse aucun r\u00e9sidu et favorise la phase de s\u00e9chage. Agr\u00e9ablement parfum\u00e9.<\/p>\n<\/div>\n<\/div>\n<\/div>\n","protected":false},"excerpt":{"rendered":"<div class=\"page\" title=\"Page 33\">\n<div class=\"layoutArea\">\n<div class=\"column\">\n<p style=\"font-weight: 400;\">D\u00c9TERGENT POLISSANT PARFUM\u00c9 MOUSSE ACTIVE<\/p>\n<\/div>\n<\/div>\n<\/div>\n","protected":false},"featured_media":3275,"template":"","meta":{"_acf_changed":false,"_seopress_robots_primary_cat":"","_seopress_titles_title":"","_seopress_titles_desc":"","_seopress_robots_index":"","_seopress_analysis_target_kw":""},"product_brand":[],"product_cat":[272,384],"product_tag":[],"class_list":{"0":"post-3943","1":"product","2":"type-product","3":"status-publish","4":"has-post-thumbnail","6":"product_cat-linea-atasdet-fr","7":"product_cat-linea-red-cycle-alternatif","9":"first","10":"instock","11":"shipping-taxable","12":"product-type-variable"},"acf":[],"_links":{"self":[{"href":"https:\/\/www.atassrl.it\/fr\/wp-json\/wp\/v2\/product\/3943","targetHints":{"allow":["GET"]}}],"collection":[{"href":"https:\/\/www.atassrl.it\/fr\/wp-json\/wp\/v2\/product"}],"about":[{"href":"https:\/\/www.atassrl.it\/fr\/wp-json\/wp\/v2\/types\/product"}],"wp:featuredmedia":[{"embeddable":true,"href":"https:\/\/www.atassrl.it\/fr\/wp-json\/wp\/v2\/media\/3275"}],"wp:attachment":[{"href":"https:\/\/www.atassrl.it\/fr\/wp-json\/wp\/v2\/media?parent=3943"}],"wp:term":[{"taxonomy":"product_brand","embeddable":true,"href":"https:\/\/www.atassrl.it\/fr\/wp-json\/wp\/v2\/product_brand?post=3943"},{"taxonomy":"product_cat","embeddable":true,"href":"https:\/\/www.atassrl.it\/fr\/wp-json\/wp\/v2\/product_cat?post=3943"},{"taxonomy":"product_tag","embeddable":true,"href":"https:\/\/www.atassrl.it\/fr\/wp-json\/wp\/v2\/product_tag?post=3943"}],"curies":[{"name":"wp","href":"https:\/\/api.w.org\/{rel}","templated":true}]}}