{"id":3949,"date":"2019-07-11T15:13:35","date_gmt":"2019-07-11T13:13:35","guid":{"rendered":"http:\/\/atas.devsrvr.net\/prodotto\/drysec\/"},"modified":"2022-08-01T17:49:00","modified_gmt":"2022-08-01T15:49:00","slug":"drysec","status":"publish","type":"product","link":"https:\/\/www.atassrl.it\/fr\/prodotto\/drysec\/","title":{"rendered":"DRYSEC"},"content":{"rendered":"<div class=\"page\" title=\"Page 33\">\n<div class=\"layoutArea\">\n<div class=\"column\">\n<p style=\"font-weight: 400;\">Pr\u00e9-cirage classique au pH acide qui vise \u00e0 \u00e9liminer tout r\u00e9sidu d&rsquo;alcalinit\u00e9, favorisant l&rsquo;efficacit\u00e9 du fart qui en rehaussera les caract\u00e9ristiques. Cela aide \u00e9galement \u00e0 garder les vadrouilles propres.<\/p>\n<\/div>\n<\/div>\n<\/div>\n","protected":false},"excerpt":{"rendered":"<div class=\"page\" title=\"Page 33\">\n<div class=\"layoutArea\">\n<div class=\"column\">\n<div><span lang=\"DE\">PR\u00c9-CIRE DE POLISSAGE<\/span><\/div>\n<\/div>\n<\/div>\n<\/div>\n","protected":false},"featured_media":3274,"template":"","meta":{"_acf_changed":false,"_seopress_robots_primary_cat":"","_seopress_titles_title":"","_seopress_titles_desc":"","_seopress_robots_index":"","_seopress_analysis_target_kw":""},"product_brand":[],"product_cat":[272,384],"product_tag":[],"class_list":{"0":"post-3949","1":"product","2":"type-product","3":"status-publish","4":"has-post-thumbnail","6":"product_cat-linea-atasdet-fr","7":"product_cat-linea-red-cycle-alternatif","9":"first","10":"instock","11":"shipping-taxable","12":"product-type-variable"},"acf":[],"_links":{"self":[{"href":"https:\/\/www.atassrl.it\/fr\/wp-json\/wp\/v2\/product\/3949","targetHints":{"allow":["GET"]}}],"collection":[{"href":"https:\/\/www.atassrl.it\/fr\/wp-json\/wp\/v2\/product"}],"about":[{"href":"https:\/\/www.atassrl.it\/fr\/wp-json\/wp\/v2\/types\/product"}],"wp:featuredmedia":[{"embeddable":true,"href":"https:\/\/www.atassrl.it\/fr\/wp-json\/wp\/v2\/media\/3274"}],"wp:attachment":[{"href":"https:\/\/www.atassrl.it\/fr\/wp-json\/wp\/v2\/media?parent=3949"}],"wp:term":[{"taxonomy":"product_brand","embeddable":true,"href":"https:\/\/www.atassrl.it\/fr\/wp-json\/wp\/v2\/product_brand?post=3949"},{"taxonomy":"product_cat","embeddable":true,"href":"https:\/\/www.atassrl.it\/fr\/wp-json\/wp\/v2\/product_cat?post=3949"},{"taxonomy":"product_tag","embeddable":true,"href":"https:\/\/www.atassrl.it\/fr\/wp-json\/wp\/v2\/product_tag?post=3949"}],"curies":[{"name":"wp","href":"https:\/\/api.w.org\/{rel}","templated":true}]}}