{"id":3955,"date":"2019-07-11T15:15:39","date_gmt":"2019-07-11T13:15:39","guid":{"rendered":"http:\/\/atas.devsrvr.net\/prodotto\/emulsec\/"},"modified":"2022-08-01T17:55:51","modified_gmt":"2022-08-01T15:55:51","slug":"emulsec","status":"publish","type":"product","link":"https:\/\/www.atassrl.it\/fr\/prodotto\/emulsec\/","title":{"rendered":"EMULSEC"},"content":{"rendered":"<div class=\"page\" title=\"Page 33\">\n<div class=\"layoutArea\">\n<div class=\"column\">\n<p style=\"font-weight: 400;\">Produit \u00e0 base de cations qui, gr\u00e2ce \u00e0 l&rsquo;action hydrofuge particuli\u00e8re de ses composants, provoque la rupture imm\u00e9diate du film d&rsquo;eau sur la carrosserie. La glissance \u00e9lev\u00e9e assure un s\u00e9chage parfait et une brillance surprenante de la peinture. Non sale et non gras, il assure d&rsquo;excellents r\u00e9sultats avec tout type de syst\u00e8me de lavage.<\/p>\n<\/div>\n<\/div>\n<\/div>\n","protected":false},"excerpt":{"rendered":"<div class=\"page\" title=\"Page 33\">\n<div class=\"layoutArea\">\n<div class=\"column\">\n<div><span lang=\"DE\">HYDRO-CIRE AUTO-S\u00c9CHANTE<\/span><\/div>\n<\/div>\n<\/div>\n<\/div>\n","protected":false},"featured_media":7634,"template":"","meta":{"_acf_changed":false,"_seopress_robots_primary_cat":"","_seopress_titles_title":"","_seopress_titles_desc":"","_seopress_robots_index":"","_seopress_analysis_target_kw":""},"product_brand":[],"product_cat":[272,384],"product_tag":[],"class_list":{"0":"post-3955","1":"product","2":"type-product","3":"status-publish","4":"has-post-thumbnail","6":"product_cat-linea-atasdet-fr","7":"product_cat-linea-red-cycle-alternatif","9":"first","10":"instock","11":"shipping-taxable","12":"product-type-variable"},"acf":[],"_links":{"self":[{"href":"https:\/\/www.atassrl.it\/fr\/wp-json\/wp\/v2\/product\/3955","targetHints":{"allow":["GET"]}}],"collection":[{"href":"https:\/\/www.atassrl.it\/fr\/wp-json\/wp\/v2\/product"}],"about":[{"href":"https:\/\/www.atassrl.it\/fr\/wp-json\/wp\/v2\/types\/product"}],"wp:featuredmedia":[{"embeddable":true,"href":"https:\/\/www.atassrl.it\/fr\/wp-json\/wp\/v2\/media\/7634"}],"wp:attachment":[{"href":"https:\/\/www.atassrl.it\/fr\/wp-json\/wp\/v2\/media?parent=3955"}],"wp:term":[{"taxonomy":"product_brand","embeddable":true,"href":"https:\/\/www.atassrl.it\/fr\/wp-json\/wp\/v2\/product_brand?post=3955"},{"taxonomy":"product_cat","embeddable":true,"href":"https:\/\/www.atassrl.it\/fr\/wp-json\/wp\/v2\/product_cat?post=3955"},{"taxonomy":"product_tag","embeddable":true,"href":"https:\/\/www.atassrl.it\/fr\/wp-json\/wp\/v2\/product_tag?post=3955"}],"curies":[{"name":"wp","href":"https:\/\/api.w.org\/{rel}","templated":true}]}}