{"id":3961,"date":"2019-07-11T15:18:05","date_gmt":"2019-07-11T13:18:05","guid":{"rendered":"http:\/\/atas.devsrvr.net\/prodotto\/hydrorep-2\/"},"modified":"2022-08-01T17:43:22","modified_gmt":"2022-08-01T15:43:22","slug":"hydrorep-2","status":"publish","type":"product","link":"https:\/\/www.atassrl.it\/fr\/prodotto\/hydrorep-2\/","title":{"rendered":"HYDROREP"},"content":{"rendered":"<div class=\"page\" title=\"Page 34\">\n<div class=\"section\">\n<div class=\"layoutArea\">\n<div class=\"column\">\n<p style=\"font-weight: 400;\">Formulation sp\u00e9ciale triple action \u00e0 utiliser apr\u00e8s chaque lavage de voiture. Il acc\u00e9l\u00e8re la phase de s\u00e9chage et, en m\u00eame temps, polit la peinture en la prot\u00e9geant des agents atmosph\u00e9riques. Adapt\u00e9 \u00e0 tous les types de peinture, il peut \u00eatre utilis\u00e9 comme polish sur des carrosseries propres et s\u00e8ches. Rapide, efficace et durable, c&rsquo;est une v\u00e9ritable garantie pour l&rsquo;entretien de la voiture.<\/p>\n<\/div>\n<\/div>\n<\/div>\n<\/div>\n","protected":false},"excerpt":{"rendered":"<div class=\"page\" title=\"Page 34\">\n<div class=\"section\">\n<div class=\"layoutArea\">\n<div class=\"column\">\n<p style=\"font-weight: 400;\">AGENT DRAINANT ET POLISSANT<\/p>\n<\/div>\n<\/div>\n<\/div>\n<\/div>\n","protected":false},"featured_media":3255,"template":"","meta":{"_acf_changed":false,"_seopress_robots_primary_cat":"","_seopress_titles_title":"","_seopress_titles_desc":"","_seopress_robots_index":"","_seopress_analysis_target_kw":""},"product_brand":[],"product_cat":[272,818,824],"product_tag":[],"class_list":{"0":"post-3961","1":"product","2":"type-product","3":"status-publish","4":"has-post-thumbnail","6":"product_cat-linea-atasdet-fr","7":"product_cat-polissage","8":"product_cat-polissages-pour-exterieurs","10":"first","11":"instock","12":"shipping-taxable","13":"product-type-variable"},"acf":[],"_links":{"self":[{"href":"https:\/\/www.atassrl.it\/fr\/wp-json\/wp\/v2\/product\/3961","targetHints":{"allow":["GET"]}}],"collection":[{"href":"https:\/\/www.atassrl.it\/fr\/wp-json\/wp\/v2\/product"}],"about":[{"href":"https:\/\/www.atassrl.it\/fr\/wp-json\/wp\/v2\/types\/product"}],"wp:featuredmedia":[{"embeddable":true,"href":"https:\/\/www.atassrl.it\/fr\/wp-json\/wp\/v2\/media\/3255"}],"wp:attachment":[{"href":"https:\/\/www.atassrl.it\/fr\/wp-json\/wp\/v2\/media?parent=3961"}],"wp:term":[{"taxonomy":"product_brand","embeddable":true,"href":"https:\/\/www.atassrl.it\/fr\/wp-json\/wp\/v2\/product_brand?post=3961"},{"taxonomy":"product_cat","embeddable":true,"href":"https:\/\/www.atassrl.it\/fr\/wp-json\/wp\/v2\/product_cat?post=3961"},{"taxonomy":"product_tag","embeddable":true,"href":"https:\/\/www.atassrl.it\/fr\/wp-json\/wp\/v2\/product_tag?post=3961"}],"curies":[{"name":"wp","href":"https:\/\/api.w.org\/{rel}","templated":true}]}}