{"id":3973,"date":"2019-07-11T15:22:31","date_gmt":"2019-07-11T13:22:31","guid":{"rendered":"http:\/\/atas.devsrvr.net\/prodotto\/polishat\/"},"modified":"2022-08-01T17:14:13","modified_gmt":"2022-08-01T15:14:13","slug":"polishat","status":"publish","type":"product","link":"https:\/\/www.atassrl.it\/fr\/prodotto\/polishat\/","title":{"rendered":"POLISHAT"},"content":{"rendered":"<div class=\"page\" title=\"Page 34\">\n<div class=\"section\">\n<div class=\"layoutArea\">\n<div class=\"column\">\n<p style=\"font-weight: 400;\">Produit concentr\u00e9 \u00e0 base de polym\u00e8res sp\u00e9ciaux qui assure un \u00ab\u00a0effet miroir\u00a0\u00bb garanti. Il laisse sur la peinture un film protecteur antistatique invisible qui ralentit la red\u00e9position des salissures. Sp\u00e9cifique pour les syst\u00e8mes de lavage \u00e9quip\u00e9s du \u00ab\u00a0programme de polissage\u00a0\u00bb appropri\u00e9 avec des brosses en tissu ou en carlite, il rend la voiture trait\u00e9e brillante sans graisser.<\/p>\n<\/div>\n<\/div>\n<\/div>\n<\/div>\n","protected":false},"excerpt":{"rendered":"<div class=\"page\" title=\"Page 34\">\n<div class=\"section\">\n<div class=\"layoutArea\">\n<div class=\"column\">\n<p>AGENT DE POLISSAGE PROTECTEUR<\/p>\n<\/div>\n<\/div>\n<\/div>\n<\/div>\n","protected":false},"featured_media":3307,"template":"","meta":{"_acf_changed":false,"_seopress_robots_primary_cat":"","_seopress_titles_title":"","_seopress_titles_desc":"","_seopress_robots_index":"","_seopress_analysis_target_kw":""},"product_brand":[],"product_cat":[272,818],"product_tag":[],"class_list":{"0":"post-3973","1":"product","2":"type-product","3":"status-publish","4":"has-post-thumbnail","6":"product_cat-linea-atasdet-fr","7":"product_cat-polissage","9":"first","10":"instock","11":"shipping-taxable","12":"product-type-variable"},"acf":[],"_links":{"self":[{"href":"https:\/\/www.atassrl.it\/fr\/wp-json\/wp\/v2\/product\/3973","targetHints":{"allow":["GET"]}}],"collection":[{"href":"https:\/\/www.atassrl.it\/fr\/wp-json\/wp\/v2\/product"}],"about":[{"href":"https:\/\/www.atassrl.it\/fr\/wp-json\/wp\/v2\/types\/product"}],"wp:featuredmedia":[{"embeddable":true,"href":"https:\/\/www.atassrl.it\/fr\/wp-json\/wp\/v2\/media\/3307"}],"wp:attachment":[{"href":"https:\/\/www.atassrl.it\/fr\/wp-json\/wp\/v2\/media?parent=3973"}],"wp:term":[{"taxonomy":"product_brand","embeddable":true,"href":"https:\/\/www.atassrl.it\/fr\/wp-json\/wp\/v2\/product_brand?post=3973"},{"taxonomy":"product_cat","embeddable":true,"href":"https:\/\/www.atassrl.it\/fr\/wp-json\/wp\/v2\/product_cat?post=3973"},{"taxonomy":"product_tag","embeddable":true,"href":"https:\/\/www.atassrl.it\/fr\/wp-json\/wp\/v2\/product_tag?post=3973"}],"curies":[{"name":"wp","href":"https:\/\/api.w.org\/{rel}","templated":true}]}}