{"id":3979,"date":"2019-07-18T15:31:49","date_gmt":"2019-07-18T13:31:49","guid":{"rendered":"http:\/\/atas.devsrvr.net\/prodotto\/plak-2\/"},"modified":"2022-08-01T18:00:44","modified_gmt":"2022-08-01T16:00:44","slug":"plak-2","status":"publish","type":"product","link":"https:\/\/www.atassrl.it\/fr\/prodotto\/plak-2\/","title":{"rendered":"PLAK 2"},"content":{"rendered":"<div class=\"page\" title=\"Page 36\">\n<div class=\"section\">\n<div class=\"layoutArea\">\n<div class=\"column\">\n<p style=\"font-weight: 400;\">A haute teneur en cires naturelles et silicones, il nettoie, polit et prot\u00e8ge sans graisser les surfaces plastiques telles que les tableaux de bord, les pare-chocs, les fa\u00e7ades, mais aussi le bois et le marbre. Son effet antistatique repousse la poussi\u00e8re. Utilisez-le tel quel. \u00c9galement disponible dans la version \u00ab\u00a0PLAK 2 LK\u00a0\u00bb avec moins actif.<\/p>\n<\/div>\n<\/div>\n<\/div>\n<\/div>\n","protected":false},"excerpt":{"rendered":"<div class=\"page\" title=\"Page 36\">\n<div class=\"section\">\n<div class=\"layoutArea\">\n<div class=\"column\">\n<p>POLISSAGE LIQUIDE \u00c0 BASE D&rsquo;EAU<\/p>\n<\/div>\n<\/div>\n<\/div>\n<\/div>\n","protected":false},"featured_media":3298,"template":"","meta":{"_acf_changed":false,"_seopress_robots_primary_cat":"","_seopress_titles_title":"","_seopress_titles_desc":"","_seopress_robots_index":"","_seopress_analysis_target_kw":""},"product_brand":[],"product_cat":[272,406,828],"product_tag":[],"class_list":{"0":"post-3979","1":"product","2":"type-product","3":"status-publish","4":"has-post-thumbnail","6":"product_cat-linea-atasdet-fr","7":"product_cat-lustrants-protectifs","8":"product_cat-polissages-pour-interieurs","10":"first","11":"instock","12":"shipping-taxable","13":"product-type-variable"},"acf":[],"_links":{"self":[{"href":"https:\/\/www.atassrl.it\/fr\/wp-json\/wp\/v2\/product\/3979","targetHints":{"allow":["GET"]}}],"collection":[{"href":"https:\/\/www.atassrl.it\/fr\/wp-json\/wp\/v2\/product"}],"about":[{"href":"https:\/\/www.atassrl.it\/fr\/wp-json\/wp\/v2\/types\/product"}],"wp:featuredmedia":[{"embeddable":true,"href":"https:\/\/www.atassrl.it\/fr\/wp-json\/wp\/v2\/media\/3298"}],"wp:attachment":[{"href":"https:\/\/www.atassrl.it\/fr\/wp-json\/wp\/v2\/media?parent=3979"}],"wp:term":[{"taxonomy":"product_brand","embeddable":true,"href":"https:\/\/www.atassrl.it\/fr\/wp-json\/wp\/v2\/product_brand?post=3979"},{"taxonomy":"product_cat","embeddable":true,"href":"https:\/\/www.atassrl.it\/fr\/wp-json\/wp\/v2\/product_cat?post=3979"},{"taxonomy":"product_tag","embeddable":true,"href":"https:\/\/www.atassrl.it\/fr\/wp-json\/wp\/v2\/product_tag?post=3979"}],"curies":[{"name":"wp","href":"https:\/\/api.w.org\/{rel}","templated":true}]}}