{"id":4690,"date":"2019-07-11T15:34:38","date_gmt":"2019-07-11T13:34:38","guid":{"rendered":"http:\/\/atas.devsrvr.net\/prodotto\/delm-2\/"},"modified":"2022-08-01T18:13:10","modified_gmt":"2022-08-01T16:13:10","slug":"delm-2","status":"publish","type":"product","link":"https:\/\/www.atassrl.it\/fr\/prodotto\/delm-2\/","title":{"rendered":"DELM"},"content":{"rendered":"<div class=\"page\" title=\"Page 37\">\n<div class=\"section\">\n<div class=\"layoutArea\">\n<div class=\"column\">\n<p style=\"font-weight: 400;\">Mousse de polissage active adapt\u00e9e au soin et \u00e0 l&rsquo;entretien des tableaux de bord et des int\u00e9rieurs de voitures. \u00c0 base d&rsquo;eau, il est sans danger sur toutes les surfaces car il ne contient pas de solvants, de silicones, de parfums et de colorants. Il n&rsquo;est pas gras et ne coule pas.<\/p>\n<\/div>\n<\/div>\n<\/div>\n<\/div>\n","protected":false},"excerpt":{"rendered":"<div class=\"page\" title=\"Page 37\">\n<div class=\"section\">\n<div class=\"layoutArea\">\n<div class=\"column\">\n<div><span lang=\"DE\">MOUSSE DE POLISSAGE A BASE D&rsquo;EAU POUR TABLEAUX DE BORD<\/span><\/div>\n<\/div>\n<\/div>\n<\/div>\n<\/div>\n","protected":false},"featured_media":3197,"template":"","meta":{"_acf_changed":false,"_seopress_robots_primary_cat":"","_seopress_titles_title":"","_seopress_titles_desc":"","_seopress_robots_index":"","_seopress_analysis_target_kw":""},"product_brand":[],"product_cat":[272,406,828],"product_tag":[],"class_list":{"0":"post-4690","1":"product","2":"type-product","3":"status-publish","4":"has-post-thumbnail","6":"product_cat-linea-atasdet-fr","7":"product_cat-lustrants-protectifs","8":"product_cat-polissages-pour-interieurs","10":"first","11":"instock","12":"shipping-taxable","13":"product-type-variable"},"acf":[],"_links":{"self":[{"href":"https:\/\/www.atassrl.it\/fr\/wp-json\/wp\/v2\/product\/4690","targetHints":{"allow":["GET"]}}],"collection":[{"href":"https:\/\/www.atassrl.it\/fr\/wp-json\/wp\/v2\/product"}],"about":[{"href":"https:\/\/www.atassrl.it\/fr\/wp-json\/wp\/v2\/types\/product"}],"wp:featuredmedia":[{"embeddable":true,"href":"https:\/\/www.atassrl.it\/fr\/wp-json\/wp\/v2\/media\/3197"}],"wp:attachment":[{"href":"https:\/\/www.atassrl.it\/fr\/wp-json\/wp\/v2\/media?parent=4690"}],"wp:term":[{"taxonomy":"product_brand","embeddable":true,"href":"https:\/\/www.atassrl.it\/fr\/wp-json\/wp\/v2\/product_brand?post=4690"},{"taxonomy":"product_cat","embeddable":true,"href":"https:\/\/www.atassrl.it\/fr\/wp-json\/wp\/v2\/product_cat?post=4690"},{"taxonomy":"product_tag","embeddable":true,"href":"https:\/\/www.atassrl.it\/fr\/wp-json\/wp\/v2\/product_tag?post=4690"}],"curies":[{"name":"wp","href":"https:\/\/api.w.org\/{rel}","templated":true}]}}