{"id":4715,"date":"2019-07-11T15:49:24","date_gmt":"2019-07-11T13:49:24","guid":{"rendered":"http:\/\/atas.devsrvr.net\/prodotto\/candivetro-4-st-20\/"},"modified":"2022-08-01T18:19:01","modified_gmt":"2022-08-01T16:19:01","slug":"candivetro-4-st-20","status":"publish","type":"product","link":"https:\/\/www.atassrl.it\/fr\/prodotto\/candivetro-4-st-20\/","title":{"rendered":"CANDIVETRO 4 ST. -20"},"content":{"rendered":"<div class=\"page\" title=\"Page 39\">\n<div class=\"section\">\n<div class=\"layoutArea\">\n<div class=\"column\">\n<p style=\"font-weight: 400;\">Avec une \u00e9vaporation \u00e9lev\u00e9e, il nettoie le verre, les miroirs, les cristaux et toute surface lavable sans laisser de halos ni d&rsquo;irisations et en \u00e9liminant le smog, les traces de nicotine, la graisse et les r\u00e9sidus d&rsquo;insectes. Il peut \u00eatre utilis\u00e9 dans le r\u00e9servoir de lave-glace offrant une protection contre le gel jusqu&rsquo;\u00e0 environ -20\u00b0. Pour les op\u00e9rations de nettoyage, diluer avec de l&rsquo;eau 1\u00a0: 3.<\/p>\n<\/div>\n<\/div>\n<\/div>\n<\/div>\n","protected":false},"excerpt":{"rendered":"<div class=\"page\" title=\"Page 39\">\n<div class=\"section\">\n<div class=\"layoutArea\">\n<div class=\"column\">\n<div><span lang=\"DE\">NETTOYANT SP\u00c9CIAL POUR LUNETTES <\/span><\/div>\n<\/div>\n<\/div>\n<\/div>\n<\/div>\n","protected":false},"featured_media":3182,"template":"","meta":{"_acf_changed":false,"_seopress_robots_primary_cat":"","_seopress_titles_title":"","_seopress_titles_desc":"","_seopress_robots_index":"","_seopress_analysis_target_kw":""},"product_brand":[],"product_cat":[272,381],"product_tag":[],"class_list":{"0":"post-4715","1":"product","2":"type-product","3":"status-publish","4":"has-post-thumbnail","6":"product_cat-linea-atasdet-fr","7":"product_cat-vitres-et-crystaux","9":"first","10":"instock","11":"shipping-taxable","12":"product-type-variable"},"acf":[],"_links":{"self":[{"href":"https:\/\/www.atassrl.it\/fr\/wp-json\/wp\/v2\/product\/4715","targetHints":{"allow":["GET"]}}],"collection":[{"href":"https:\/\/www.atassrl.it\/fr\/wp-json\/wp\/v2\/product"}],"about":[{"href":"https:\/\/www.atassrl.it\/fr\/wp-json\/wp\/v2\/types\/product"}],"wp:featuredmedia":[{"embeddable":true,"href":"https:\/\/www.atassrl.it\/fr\/wp-json\/wp\/v2\/media\/3182"}],"wp:attachment":[{"href":"https:\/\/www.atassrl.it\/fr\/wp-json\/wp\/v2\/media?parent=4715"}],"wp:term":[{"taxonomy":"product_brand","embeddable":true,"href":"https:\/\/www.atassrl.it\/fr\/wp-json\/wp\/v2\/product_brand?post=4715"},{"taxonomy":"product_cat","embeddable":true,"href":"https:\/\/www.atassrl.it\/fr\/wp-json\/wp\/v2\/product_cat?post=4715"},{"taxonomy":"product_tag","embeddable":true,"href":"https:\/\/www.atassrl.it\/fr\/wp-json\/wp\/v2\/product_tag?post=4715"}],"curies":[{"name":"wp","href":"https:\/\/api.w.org\/{rel}","templated":true}]}}