{"id":4723,"date":"2019-07-11T15:56:28","date_gmt":"2019-07-11T13:56:28","guid":{"rendered":"http:\/\/atas.devsrvr.net\/prodotto\/candivetro-60-2\/"},"modified":"2022-08-01T18:20:36","modified_gmt":"2022-08-01T16:20:36","slug":"candivetro-60-2","status":"publish","type":"product","link":"https:\/\/www.atassrl.it\/fr\/prodotto\/candivetro-60-2\/","title":{"rendered":"CANDIVETRO -60"},"content":{"rendered":"<div class=\"page\" title=\"Page 39\">\n<div class=\"section\">\n<div class=\"layoutArea\">\n<div class=\"column\">\n<p style=\"font-weight: 400;\">D\u00e9tergent sp\u00e9cifique \u00e0 utiliser dans le r\u00e9servoir de nettoyage des vitres formul\u00e9 avec des substances particuli\u00e8res capables de nettoyer et de d\u00e9graisser en profondeur les vitres de tout v\u00e9hicule. Il n&rsquo;attaque pas les pi\u00e8ces en plastique ou en caoutchouc et r\u00e9siste jusqu&rsquo;\u00e0 des temp\u00e9ratures de -58\u00b0\/-60\u00b0. Dilu\u00e9 \u00e0 l&rsquo;eau 1:4, il peut \u00eatre utilis\u00e9 comme d\u00e9tergent assurant une parfaite visibilit\u00e9.<\/p>\n<\/div>\n<\/div>\n<\/div>\n<\/div>\n","protected":false},"excerpt":{"rendered":"<div class=\"page\" title=\"Page 39\">\n<div class=\"section\">\n<div class=\"layoutArea\">\n<div class=\"column\">\n<div><span lang=\"DE\">NETTOYANT ANTIGEL POUR VITRES<\/span><\/div>\n<\/div>\n<\/div>\n<\/div>\n<\/div>\n","protected":false},"featured_media":3184,"template":"","meta":{"_acf_changed":false,"_seopress_robots_primary_cat":"","_seopress_titles_title":"","_seopress_titles_desc":"","_seopress_robots_index":"","_seopress_analysis_target_kw":""},"product_brand":[],"product_cat":[272,381],"product_tag":[],"class_list":{"0":"post-4723","1":"product","2":"type-product","3":"status-publish","4":"has-post-thumbnail","6":"product_cat-linea-atasdet-fr","7":"product_cat-vitres-et-crystaux","9":"first","10":"instock","11":"shipping-taxable","12":"product-type-variable"},"acf":[],"_links":{"self":[{"href":"https:\/\/www.atassrl.it\/fr\/wp-json\/wp\/v2\/product\/4723","targetHints":{"allow":["GET"]}}],"collection":[{"href":"https:\/\/www.atassrl.it\/fr\/wp-json\/wp\/v2\/product"}],"about":[{"href":"https:\/\/www.atassrl.it\/fr\/wp-json\/wp\/v2\/types\/product"}],"wp:featuredmedia":[{"embeddable":true,"href":"https:\/\/www.atassrl.it\/fr\/wp-json\/wp\/v2\/media\/3184"}],"wp:attachment":[{"href":"https:\/\/www.atassrl.it\/fr\/wp-json\/wp\/v2\/media?parent=4723"}],"wp:term":[{"taxonomy":"product_brand","embeddable":true,"href":"https:\/\/www.atassrl.it\/fr\/wp-json\/wp\/v2\/product_brand?post=4723"},{"taxonomy":"product_cat","embeddable":true,"href":"https:\/\/www.atassrl.it\/fr\/wp-json\/wp\/v2\/product_cat?post=4723"},{"taxonomy":"product_tag","embeddable":true,"href":"https:\/\/www.atassrl.it\/fr\/wp-json\/wp\/v2\/product_tag?post=4723"}],"curies":[{"name":"wp","href":"https:\/\/api.w.org\/{rel}","templated":true}]}}