{"id":4739,"date":"2019-07-11T16:07:14","date_gmt":"2019-07-11T14:07:14","guid":{"rendered":"http:\/\/atas.devsrvr.net\/prodotto\/detap-2\/"},"modified":"2022-08-02T09:57:00","modified_gmt":"2022-08-02T07:57:00","slug":"detap-2","status":"publish","type":"product","link":"https:\/\/www.atassrl.it\/fr\/prodotto\/detap-2\/","title":{"rendered":"DETAP"},"content":{"rendered":"<div class=\"page\" title=\"Page 42\">\n<div class=\"section\">\n<div class=\"layoutArea\">\n<div class=\"column\">\n<p style=\"font-weight: 400;\">Gr\u00e2ce aux tensioactifs \u00e0 action suspensive qu&rsquo;il contient, il nettoie et d\u00e9graisse les int\u00e9rieurs de voitures et les si\u00e8ges en tissu, ravivant leurs couleurs. Il ne produit pas de mousse et laisse un parfum agr\u00e9able. Convient pour une utilisation manuelle et pour les aspirateurs d&rsquo;extraction. La version moussante \u00ab SC2 \u00bb est disponible.<\/p>\n<\/div>\n<\/div>\n<\/div>\n<\/div>\n","protected":false},"excerpt":{"rendered":"<div class=\"page\" title=\"Page 42\">\n<div class=\"section\">\n<div class=\"layoutArea\">\n<div class=\"column\">\n<div><span lang=\"DE\">D\u00c9TERGENT POUR TISSUS ET TAPIS<\/span><\/div>\n<\/div>\n<\/div>\n<\/div>\n<\/div>\n","protected":false},"featured_media":3206,"template":"","meta":{"_acf_changed":false,"_seopress_robots_primary_cat":"","_seopress_titles_title":"","_seopress_titles_desc":"","_seopress_robots_index":"","_seopress_analysis_target_kw":""},"product_brand":[],"product_cat":[326,272,783],"product_tag":[],"class_list":{"0":"post-4739","1":"product","2":"type-product","3":"status-publish","4":"has-post-thumbnail","6":"product_cat-interieurs-de-la-voiture-fr","7":"product_cat-linea-atasdet-fr","8":"product_cat-nettoyants-interieurs","10":"first","11":"instock","12":"shipping-taxable","13":"product-type-variable"},"acf":[],"_links":{"self":[{"href":"https:\/\/www.atassrl.it\/fr\/wp-json\/wp\/v2\/product\/4739","targetHints":{"allow":["GET"]}}],"collection":[{"href":"https:\/\/www.atassrl.it\/fr\/wp-json\/wp\/v2\/product"}],"about":[{"href":"https:\/\/www.atassrl.it\/fr\/wp-json\/wp\/v2\/types\/product"}],"wp:featuredmedia":[{"embeddable":true,"href":"https:\/\/www.atassrl.it\/fr\/wp-json\/wp\/v2\/media\/3206"}],"wp:attachment":[{"href":"https:\/\/www.atassrl.it\/fr\/wp-json\/wp\/v2\/media?parent=4739"}],"wp:term":[{"taxonomy":"product_brand","embeddable":true,"href":"https:\/\/www.atassrl.it\/fr\/wp-json\/wp\/v2\/product_brand?post=4739"},{"taxonomy":"product_cat","embeddable":true,"href":"https:\/\/www.atassrl.it\/fr\/wp-json\/wp\/v2\/product_cat?post=4739"},{"taxonomy":"product_tag","embeddable":true,"href":"https:\/\/www.atassrl.it\/fr\/wp-json\/wp\/v2\/product_tag?post=4739"}],"curies":[{"name":"wp","href":"https:\/\/api.w.org\/{rel}","templated":true}]}}