{"id":4747,"date":"2019-07-11T16:08:46","date_gmt":"2019-07-11T14:08:46","guid":{"rendered":"http:\/\/atas.devsrvr.net\/prodotto\/detap-dbs\/"},"modified":"2022-08-02T09:58:34","modified_gmt":"2022-08-02T07:58:34","slug":"detap-dbs","status":"publish","type":"product","link":"https:\/\/www.atassrl.it\/fr\/prodotto\/detap-dbs\/","title":{"rendered":"DETAP DBS"},"content":{"rendered":"<div class=\"page\" title=\"Page 42\">\n<div class=\"section\">\n<div class=\"layoutArea\">\n<div class=\"column\">\n<p style=\"font-weight: 400;\">Produit sp\u00e9cial \u00e0 pouvoir moussant r\u00e9duit adapt\u00e9 au nettoyage des int\u00e9rieurs de voitures en tissu, moquette, plastique et m\u00e9tal. Formul\u00e9 avec des substances particuli\u00e8res \u00e0 haut pouvoir nettoyant capables de dissoudre et d&rsquo;\u00e9mulsionner rapidement et d\u00e9finitivement la salet\u00e9, il renouvelle les couleurs et laisse un parfum agr\u00e9able. Convient \u00e0 la fois \u00e0 l&rsquo;extraction et \u00e0 l&rsquo;utilisation manuelle.<\/p>\n<\/div>\n<\/div>\n<\/div>\n<\/div>\n","protected":false},"excerpt":{"rendered":"<div class=\"page\" title=\"Page 42\">\n<div class=\"section\">\n<div class=\"layoutArea\">\n<div class=\"column\">\n<div><span lang=\"DE\">D\u00c9TERGENT POUR INT\u00c9RIEURS EN TISSU<\/span><\/div>\n<\/div>\n<\/div>\n<\/div>\n<\/div>\n","protected":false},"featured_media":3204,"template":"","meta":{"_acf_changed":false,"_seopress_robots_primary_cat":"","_seopress_titles_title":"","_seopress_titles_desc":"","_seopress_robots_index":"","_seopress_analysis_target_kw":""},"product_brand":[],"product_cat":[326,272,783],"product_tag":[],"class_list":{"0":"post-4747","1":"product","2":"type-product","3":"status-publish","4":"has-post-thumbnail","6":"product_cat-interieurs-de-la-voiture-fr","7":"product_cat-linea-atasdet-fr","8":"product_cat-nettoyants-interieurs","10":"first","11":"instock","12":"shipping-taxable","13":"product-type-simple"},"acf":[],"_links":{"self":[{"href":"https:\/\/www.atassrl.it\/fr\/wp-json\/wp\/v2\/product\/4747","targetHints":{"allow":["GET"]}}],"collection":[{"href":"https:\/\/www.atassrl.it\/fr\/wp-json\/wp\/v2\/product"}],"about":[{"href":"https:\/\/www.atassrl.it\/fr\/wp-json\/wp\/v2\/types\/product"}],"wp:featuredmedia":[{"embeddable":true,"href":"https:\/\/www.atassrl.it\/fr\/wp-json\/wp\/v2\/media\/3204"}],"wp:attachment":[{"href":"https:\/\/www.atassrl.it\/fr\/wp-json\/wp\/v2\/media?parent=4747"}],"wp:term":[{"taxonomy":"product_brand","embeddable":true,"href":"https:\/\/www.atassrl.it\/fr\/wp-json\/wp\/v2\/product_brand?post=4747"},{"taxonomy":"product_cat","embeddable":true,"href":"https:\/\/www.atassrl.it\/fr\/wp-json\/wp\/v2\/product_cat?post=4747"},{"taxonomy":"product_tag","embeddable":true,"href":"https:\/\/www.atassrl.it\/fr\/wp-json\/wp\/v2\/product_tag?post=4747"}],"curies":[{"name":"wp","href":"https:\/\/api.w.org\/{rel}","templated":true}]}}