{"id":4749,"date":"2019-07-11T16:13:03","date_gmt":"2019-07-11T14:13:03","guid":{"rendered":"http:\/\/atas.devsrvr.net\/prodotto\/detap-ign\/"},"modified":"2022-08-02T10:00:29","modified_gmt":"2022-08-02T08:00:29","slug":"detap-ign","status":"publish","type":"product","link":"https:\/\/www.atassrl.it\/fr\/prodotto\/detap-ign\/","title":{"rendered":"DETAP IGN"},"content":{"rendered":"<div class=\"page\" title=\"Page 42\">\n<div class=\"section\">\n<div class=\"layoutArea\">\n<div class=\"column\">\n<p style=\"font-weight: 400;\">Il nettoie, ravive, assainit et parfume les int\u00e9rieurs en tissus et moquettes en assurant un haut degr\u00e9 d&rsquo;hygi\u00e8ne et de fra\u00eecheur qui dure plusieurs jours. Avec un pouvoir moussant r\u00e9duit, il convient aussi bien aux aspirateurs \u00e0 extraction qu&rsquo;aux pulv\u00e9risateurs manuels. En cas d&rsquo;utilisation manuelle, enlever la salet\u00e9 avec une \u00e9ponge et frotter la surface avec du cuir synth\u00e9tique.<\/p>\n<\/div>\n<\/div>\n<\/div>\n<\/div>\n","protected":false},"excerpt":{"rendered":"<div class=\"page\" title=\"Page 42\">\n<div class=\"section\">\n<div class=\"layoutArea\">\n<div class=\"column\">\n<div><span lang=\"DE\">D\u00c9TERGENT D\u00c9SINFECTANT POUR INT\u00c9RIEURS EN TISSU<\/span><\/div>\n<\/div>\n<\/div>\n<\/div>\n<\/div>\n","protected":false},"featured_media":3205,"template":"","meta":{"_acf_changed":false,"_seopress_robots_primary_cat":"","_seopress_titles_title":"","_seopress_titles_desc":"","_seopress_robots_index":"","_seopress_analysis_target_kw":""},"product_brand":[],"product_cat":[326,272,783],"product_tag":[],"class_list":{"0":"post-4749","1":"product","2":"type-product","3":"status-publish","4":"has-post-thumbnail","6":"product_cat-interieurs-de-la-voiture-fr","7":"product_cat-linea-atasdet-fr","8":"product_cat-nettoyants-interieurs","10":"first","11":"instock","12":"shipping-taxable","13":"product-type-variable"},"acf":[],"_links":{"self":[{"href":"https:\/\/www.atassrl.it\/fr\/wp-json\/wp\/v2\/product\/4749","targetHints":{"allow":["GET"]}}],"collection":[{"href":"https:\/\/www.atassrl.it\/fr\/wp-json\/wp\/v2\/product"}],"about":[{"href":"https:\/\/www.atassrl.it\/fr\/wp-json\/wp\/v2\/types\/product"}],"wp:featuredmedia":[{"embeddable":true,"href":"https:\/\/www.atassrl.it\/fr\/wp-json\/wp\/v2\/media\/3205"}],"wp:attachment":[{"href":"https:\/\/www.atassrl.it\/fr\/wp-json\/wp\/v2\/media?parent=4749"}],"wp:term":[{"taxonomy":"product_brand","embeddable":true,"href":"https:\/\/www.atassrl.it\/fr\/wp-json\/wp\/v2\/product_brand?post=4749"},{"taxonomy":"product_cat","embeddable":true,"href":"https:\/\/www.atassrl.it\/fr\/wp-json\/wp\/v2\/product_cat?post=4749"},{"taxonomy":"product_tag","embeddable":true,"href":"https:\/\/www.atassrl.it\/fr\/wp-json\/wp\/v2\/product_tag?post=4749"}],"curies":[{"name":"wp","href":"https:\/\/api.w.org\/{rel}","templated":true}]}}