{"id":4755,"date":"2019-07-11T16:15:25","date_gmt":"2019-07-11T14:15:25","guid":{"rendered":"http:\/\/atas.devsrvr.net\/prodotto\/deopar-2\/"},"modified":"2022-08-03T15:38:11","modified_gmt":"2022-08-03T13:38:11","slug":"deopar-2","status":"publish","type":"product","link":"https:\/\/www.atassrl.it\/fr\/prodotto\/deopar-2\/","title":{"rendered":"DEOPAR"},"content":{"rendered":"<div class=\"page\" title=\"Page 43\">\n<div class=\"section\">\n<div class=\"layoutArea\">\n<div class=\"column\">\n<p style=\"font-weight: 400;\">Formul\u00e9 avec une action assainissante enrichie d&rsquo;essences parfumantes particuli\u00e8res \u00e0 haute persistance. Convient pour d\u00e9sinfecter et parfumer l&rsquo;int\u00e9rieur des voitures et des environnements en g\u00e9n\u00e9ral, tels que les salles de bains, les chambres d&rsquo;h\u00f4tel, les bureaux, les salles de r\u00e9union, etc. Il peut \u00eatre utilis\u00e9 \u00e0 la fois manuellement avec un d\u00e9clencheur et avec des \u00e9quipements sp\u00e9ciaux en libre-service. Disponible en diff\u00e9rents parfums.<\/p>\n<\/div>\n<\/div>\n<\/div>\n<\/div>\n","protected":false},"excerpt":{"rendered":"<div class=\"page\" title=\"Page 43\">\n<div class=\"section\">\n<div class=\"layoutArea\">\n<div class=\"column\">\n<div><span lang=\"DE\">D\u00c9ODORANT ASSAINISSANT<\/span><\/div>\n<\/div>\n<\/div>\n<\/div>\n<\/div>\n","protected":false},"featured_media":3201,"template":"","meta":{"_acf_changed":false,"_seopress_robots_primary_cat":"","_seopress_titles_title":"","_seopress_titles_desc":"","_seopress_robots_index":"","_seopress_analysis_target_kw":""},"product_brand":[],"product_cat":[844],"product_tag":[],"class_list":{"0":"post-4755","1":"product","2":"type-product","3":"status-publish","4":"has-post-thumbnail","6":"product_cat-diffuseur-de-parfum","8":"first","9":"instock","10":"shipping-taxable","11":"product-type-variable"},"acf":[],"_links":{"self":[{"href":"https:\/\/www.atassrl.it\/fr\/wp-json\/wp\/v2\/product\/4755","targetHints":{"allow":["GET"]}}],"collection":[{"href":"https:\/\/www.atassrl.it\/fr\/wp-json\/wp\/v2\/product"}],"about":[{"href":"https:\/\/www.atassrl.it\/fr\/wp-json\/wp\/v2\/types\/product"}],"wp:featuredmedia":[{"embeddable":true,"href":"https:\/\/www.atassrl.it\/fr\/wp-json\/wp\/v2\/media\/3201"}],"wp:attachment":[{"href":"https:\/\/www.atassrl.it\/fr\/wp-json\/wp\/v2\/media?parent=4755"}],"wp:term":[{"taxonomy":"product_brand","embeddable":true,"href":"https:\/\/www.atassrl.it\/fr\/wp-json\/wp\/v2\/product_brand?post=4755"},{"taxonomy":"product_cat","embeddable":true,"href":"https:\/\/www.atassrl.it\/fr\/wp-json\/wp\/v2\/product_cat?post=4755"},{"taxonomy":"product_tag","embeddable":true,"href":"https:\/\/www.atassrl.it\/fr\/wp-json\/wp\/v2\/product_tag?post=4755"}],"curies":[{"name":"wp","href":"https:\/\/api.w.org\/{rel}","templated":true}]}}