{"id":4769,"date":"2019-07-11T16:20:04","date_gmt":"2019-07-11T14:20:04","guid":{"rendered":"http:\/\/atas.devsrvr.net\/prodotto\/vinet-3\/"},"modified":"2022-08-02T10:02:08","modified_gmt":"2022-08-02T08:02:08","slug":"vinet-3","status":"publish","type":"product","link":"https:\/\/www.atassrl.it\/fr\/prodotto\/vinet-3\/","title":{"rendered":"VINET"},"content":{"rendered":"<div class=\"page\" title=\"Page 43\">\n<div class=\"section\">\n<div class=\"layoutArea\">\n<div class=\"column\">\n<p style=\"font-weight: 400;\">Adapt\u00e9 aux usages les plus vari\u00e9s en toute s\u00e9curit\u00e9 et efficace sur tout type de salissures organiques et inorganiques, ce produit, gr\u00e2ce \u00e0 son effet assainissant, ravive les couleurs et laisse un parfum agr\u00e9able. Il convient aux int\u00e9rieurs de voitures, mais aussi aux pompes \u00e0 essence et aux machines-outils, aux petites pi\u00e8ces m\u00e9talliques, aux filtres, aux capots, aux sols et aux surfaces en bois, laqu\u00e9s, stratifi\u00e9s, caoutchouc, linol\u00e9um, cuir vinyle, etc.<\/p>\n<\/div>\n<\/div>\n<\/div>\n<\/div>\n","protected":false},"excerpt":{"rendered":"<div class=\"page\" title=\"Page 43\">\n<div class=\"section\">\n<div class=\"layoutArea\">\n<div class=\"column\">\n<div><span lang=\"DE\">D\u00c9TERGENT LIQUIDE MULTI-USAGES<\/span><\/div>\n<\/div>\n<\/div>\n<\/div>\n<\/div>\n","protected":false},"featured_media":3346,"template":"","meta":{"_acf_changed":false,"_seopress_robots_primary_cat":"","_seopress_titles_title":"","_seopress_titles_desc":"","_seopress_robots_index":"","_seopress_analysis_target_kw":""},"product_brand":[],"product_cat":[326,272,781,783],"product_tag":[],"class_list":{"0":"post-4769","1":"product","2":"type-product","3":"status-publish","4":"has-post-thumbnail","6":"product_cat-interieurs-de-la-voiture-fr","7":"product_cat-linea-atasdet-fr","8":"product_cat-nettoyants-exterieurs","9":"product_cat-nettoyants-interieurs","11":"first","12":"instock","13":"shipping-taxable","14":"product-type-variable"},"acf":[],"_links":{"self":[{"href":"https:\/\/www.atassrl.it\/fr\/wp-json\/wp\/v2\/product\/4769","targetHints":{"allow":["GET"]}}],"collection":[{"href":"https:\/\/www.atassrl.it\/fr\/wp-json\/wp\/v2\/product"}],"about":[{"href":"https:\/\/www.atassrl.it\/fr\/wp-json\/wp\/v2\/types\/product"}],"wp:featuredmedia":[{"embeddable":true,"href":"https:\/\/www.atassrl.it\/fr\/wp-json\/wp\/v2\/media\/3346"}],"wp:attachment":[{"href":"https:\/\/www.atassrl.it\/fr\/wp-json\/wp\/v2\/media?parent=4769"}],"wp:term":[{"taxonomy":"product_brand","embeddable":true,"href":"https:\/\/www.atassrl.it\/fr\/wp-json\/wp\/v2\/product_brand?post=4769"},{"taxonomy":"product_cat","embeddable":true,"href":"https:\/\/www.atassrl.it\/fr\/wp-json\/wp\/v2\/product_cat?post=4769"},{"taxonomy":"product_tag","embeddable":true,"href":"https:\/\/www.atassrl.it\/fr\/wp-json\/wp\/v2\/product_tag?post=4769"}],"curies":[{"name":"wp","href":"https:\/\/api.w.org\/{rel}","templated":true}]}}