{"id":4777,"date":"2019-07-11T16:22:25","date_gmt":"2019-07-11T14:22:25","guid":{"rendered":"http:\/\/atas.devsrvr.net\/prodotto\/pluri-2\/"},"modified":"2022-08-02T10:03:36","modified_gmt":"2022-08-02T08:03:36","slug":"pluri-2","status":"publish","type":"product","link":"https:\/\/www.atassrl.it\/fr\/prodotto\/pluri-2\/","title":{"rendered":"PLURI"},"content":{"rendered":"<div class=\"page\" title=\"Page 43\">\n<div class=\"section\">\n<div class=\"layoutArea\">\n<div class=\"column\">\n<p style=\"font-weight: 400;\">D\u00e9tergent alcalin hautement concentr\u00e9 adapt\u00e9 au nettoyage et au d\u00e9graissage des surfaces dures en g\u00e9n\u00e9ral. Il \u00e9limine efficacement et en profondeur les r\u00e9sidus d&rsquo;huile, les boues, la suie, le smog et les r\u00e9sidus de carburant. Il peut \u00eatre utilis\u00e9 pour les sols, les pi\u00e8ces m\u00e9caniques, les outils, les hottes et filtres de cuisine, les int\u00e9rieurs et ext\u00e9rieurs de voitures, les jantes, les meubles de jardin, les volets roulants, etc.<\/p>\n<\/div>\n<\/div>\n<\/div>\n<\/div>\n","protected":false},"excerpt":{"rendered":"<div class=\"page\" title=\"Page 43\">\n<div class=\"section\">\n<div class=\"layoutArea\">\n<div class=\"column\">\n<div><span lang=\"DE\">D\u00c9GRAISSANT FORT<\/span><\/div>\n<\/div>\n<\/div>\n<\/div>\n<\/div>\n","protected":false},"featured_media":3301,"template":"","meta":{"_acf_changed":false,"_seopress_robots_primary_cat":"","_seopress_titles_title":"","_seopress_titles_desc":"","_seopress_robots_index":"","_seopress_analysis_target_kw":""},"product_brand":[],"product_cat":[326,272,840],"product_tag":[861],"class_list":{"0":"post-4777","1":"product","2":"type-product","3":"status-publish","4":"has-post-thumbnail","6":"product_cat-interieurs-de-la-voiture-fr","7":"product_cat-linea-atasdet-fr","8":"product_cat-produits-pour-carrosseries","9":"product_tag-entretien-des-exterieurs","11":"first","12":"instock","13":"shipping-taxable","14":"product-type-variable"},"acf":[],"_links":{"self":[{"href":"https:\/\/www.atassrl.it\/fr\/wp-json\/wp\/v2\/product\/4777","targetHints":{"allow":["GET"]}}],"collection":[{"href":"https:\/\/www.atassrl.it\/fr\/wp-json\/wp\/v2\/product"}],"about":[{"href":"https:\/\/www.atassrl.it\/fr\/wp-json\/wp\/v2\/types\/product"}],"wp:featuredmedia":[{"embeddable":true,"href":"https:\/\/www.atassrl.it\/fr\/wp-json\/wp\/v2\/media\/3301"}],"wp:attachment":[{"href":"https:\/\/www.atassrl.it\/fr\/wp-json\/wp\/v2\/media?parent=4777"}],"wp:term":[{"taxonomy":"product_brand","embeddable":true,"href":"https:\/\/www.atassrl.it\/fr\/wp-json\/wp\/v2\/product_brand?post=4777"},{"taxonomy":"product_cat","embeddable":true,"href":"https:\/\/www.atassrl.it\/fr\/wp-json\/wp\/v2\/product_cat?post=4777"},{"taxonomy":"product_tag","embeddable":true,"href":"https:\/\/www.atassrl.it\/fr\/wp-json\/wp\/v2\/product_tag?post=4777"}],"curies":[{"name":"wp","href":"https:\/\/api.w.org\/{rel}","templated":true}]}}