{"id":4819,"date":"2019-07-11T16:48:00","date_gmt":"2019-07-11T14:48:00","guid":{"rendered":"http:\/\/atas.devsrvr.net\/prodotto\/lacer-2\/"},"modified":"2022-08-02T10:48:34","modified_gmt":"2022-08-02T08:48:34","slug":"lacer-2","status":"publish","type":"product","link":"https:\/\/www.atassrl.it\/fr\/prodotto\/lacer-2\/","title":{"rendered":"LACER"},"content":{"rendered":"<div class=\"page\" title=\"Page 47\">\n<div class=\"section\">\n<div class=\"layoutArea\">\n<div class=\"column\">\n<p style=\"font-weight: 400;\">D\u00e9tergent alcalin tr\u00e8s mouillant et p\u00e9n\u00e9trant qui dissout l&rsquo;oxyde et la patine de la salet\u00e9 laiss\u00e9e par les plaquettes de frein de tout type de jante sans \u00e9ponger. S\u00e9curitaire, il ne tache pas et n&rsquo;ab\u00eeme pas les peintures et traitements divers. \u00c9galement disponible dans la version \u00ab\u00a0VR\u00a0\u00bb avec moins d&rsquo;actifs.<\/p>\n<\/div>\n<\/div>\n<\/div>\n<\/div>\n","protected":false},"excerpt":{"rendered":"<div class=\"page\" title=\"Page 47\">\n<div class=\"section\">\n<div class=\"layoutArea\">\n<div class=\"column\">\n<div><span lang=\"DE\">AGENT DE NETTOYAGE ALCALIN POUR JANTES<\/span><\/div>\n<\/div>\n<\/div>\n<\/div>\n<\/div>\n","protected":false},"featured_media":3276,"template":"","meta":{"_acf_changed":false,"_seopress_robots_primary_cat":"","_seopress_titles_title":"","_seopress_titles_desc":"","_seopress_robots_index":"","_seopress_analysis_target_kw":""},"product_brand":[],"product_cat":[403,272,787],"product_tag":[],"class_list":{"0":"post-4819","1":"product","2":"type-product","3":"status-publish","4":"has-post-thumbnail","6":"product_cat-detergents-pour-jantes","7":"product_cat-linea-atasdet-fr","8":"product_cat-pneus-et-jantes","10":"first","11":"instock","12":"shipping-taxable","13":"product-type-variable"},"acf":[],"_links":{"self":[{"href":"https:\/\/www.atassrl.it\/fr\/wp-json\/wp\/v2\/product\/4819","targetHints":{"allow":["GET"]}}],"collection":[{"href":"https:\/\/www.atassrl.it\/fr\/wp-json\/wp\/v2\/product"}],"about":[{"href":"https:\/\/www.atassrl.it\/fr\/wp-json\/wp\/v2\/types\/product"}],"wp:featuredmedia":[{"embeddable":true,"href":"https:\/\/www.atassrl.it\/fr\/wp-json\/wp\/v2\/media\/3276"}],"wp:attachment":[{"href":"https:\/\/www.atassrl.it\/fr\/wp-json\/wp\/v2\/media?parent=4819"}],"wp:term":[{"taxonomy":"product_brand","embeddable":true,"href":"https:\/\/www.atassrl.it\/fr\/wp-json\/wp\/v2\/product_brand?post=4819"},{"taxonomy":"product_cat","embeddable":true,"href":"https:\/\/www.atassrl.it\/fr\/wp-json\/wp\/v2\/product_cat?post=4819"},{"taxonomy":"product_tag","embeddable":true,"href":"https:\/\/www.atassrl.it\/fr\/wp-json\/wp\/v2\/product_tag?post=4819"}],"curies":[{"name":"wp","href":"https:\/\/api.w.org\/{rel}","templated":true}]}}