{"id":4835,"date":"2019-07-11T16:52:35","date_gmt":"2019-07-11T14:52:35","guid":{"rendered":"http:\/\/atas.devsrvr.net\/prodotto\/forlega-2\/"},"modified":"2022-08-02T11:38:37","modified_gmt":"2022-08-02T09:38:37","slug":"forlega-2","status":"publish","type":"product","link":"https:\/\/www.atassrl.it\/fr\/prodotto\/forlega-2\/","title":{"rendered":"FORLEGA"},"content":{"rendered":"<div class=\"page\" title=\"Page 47\">\n<div class=\"section\">\n<div class=\"layoutArea\">\n<div class=\"column\">\n<p style=\"font-weight: 400;\">L&rsquo;\u00e9quilibre raffin\u00e9 entre les tensioactifs et les substances acides de cette formulation superactive permet d&rsquo;\u00e9liminer rapidement les oxydes et les poussi\u00e8res de frein des jantes en aluminium et alliage. Il convient \u00e9galement au nettoyage et au polissage des carrosseries et des c\u00f4t\u00e9s en aluminium des camions. Ne pas utiliser sur des jantes peintes. Il contient des inhibiteurs de corrosion.<\/p>\n<\/div>\n<\/div>\n<\/div>\n<\/div>\n","protected":false},"excerpt":{"rendered":"<div class=\"page\" title=\"Page 47\">\n<div class=\"section\">\n<div class=\"layoutArea\">\n<div class=\"column\">\n<p>DETERGENT ACIDE POUR JANTES<\/p>\n<\/div>\n<\/div>\n<\/div>\n<\/div>\n","protected":false},"featured_media":3253,"template":"","meta":{"_acf_changed":false,"_seopress_robots_primary_cat":"","_seopress_titles_title":"","_seopress_titles_desc":"","_seopress_robots_index":"","_seopress_analysis_target_kw":""},"product_brand":[],"product_cat":[403,272,787],"product_tag":[],"class_list":{"0":"post-4835","1":"product","2":"type-product","3":"status-publish","4":"has-post-thumbnail","6":"product_cat-detergents-pour-jantes","7":"product_cat-linea-atasdet-fr","8":"product_cat-pneus-et-jantes","10":"first","11":"instock","12":"shipping-taxable","13":"product-type-variable"},"acf":[],"_links":{"self":[{"href":"https:\/\/www.atassrl.it\/fr\/wp-json\/wp\/v2\/product\/4835","targetHints":{"allow":["GET"]}}],"collection":[{"href":"https:\/\/www.atassrl.it\/fr\/wp-json\/wp\/v2\/product"}],"about":[{"href":"https:\/\/www.atassrl.it\/fr\/wp-json\/wp\/v2\/types\/product"}],"wp:featuredmedia":[{"embeddable":true,"href":"https:\/\/www.atassrl.it\/fr\/wp-json\/wp\/v2\/media\/3253"}],"wp:attachment":[{"href":"https:\/\/www.atassrl.it\/fr\/wp-json\/wp\/v2\/media?parent=4835"}],"wp:term":[{"taxonomy":"product_brand","embeddable":true,"href":"https:\/\/www.atassrl.it\/fr\/wp-json\/wp\/v2\/product_brand?post=4835"},{"taxonomy":"product_cat","embeddable":true,"href":"https:\/\/www.atassrl.it\/fr\/wp-json\/wp\/v2\/product_cat?post=4835"},{"taxonomy":"product_tag","embeddable":true,"href":"https:\/\/www.atassrl.it\/fr\/wp-json\/wp\/v2\/product_tag?post=4835"}],"curies":[{"name":"wp","href":"https:\/\/api.w.org\/{rel}","templated":true}]}}