{"id":4843,"date":"2019-07-11T16:56:29","date_gmt":"2019-07-11T14:56:29","guid":{"rendered":"http:\/\/atas.devsrvr.net\/prodotto\/a-s-t-1511\/"},"modified":"2022-08-03T10:29:33","modified_gmt":"2022-08-03T08:29:33","slug":"a-s-t-1511","status":"publish","type":"product","link":"https:\/\/www.atassrl.it\/fr\/prodotto\/a-s-t-1511\/","title":{"rendered":"A.S.T. 1511"},"content":{"rendered":"<div class=\"page\" title=\"Page 49\">\n<div class=\"section\">\n<div class=\"layoutArea\">\n<div class=\"column\">\n<p style=\"font-weight: 400;\">Riche en \u00e9mulsifiants sp\u00e9ciaux biod\u00e9gradables, il assure une \u00e9limination totale des cires de paraffine sans laisser de r\u00e9sidus. Adapt\u00e9 \u00e0 tout type de voiture, il n&rsquo;alt\u00e8re pas les plastiques et les caoutchoucs. A utiliser manuellement avec un gant ou une \u00e9ponge. Apr\u00e8s application, laisser agir quelques minutes. Produit sans odeur. Pour les op\u00e9rations de finition, la version \u00ab AST RFN \u00bb est disponible.<\/p>\n<\/div>\n<\/div>\n<\/div>\n<\/div>\n","protected":false},"excerpt":{"rendered":"<div class=\"page\" title=\"Page 49\">\n<div class=\"section\">\n<div class=\"layoutArea\">\n<div class=\"column\">\n<div><span lang=\"EN-US\">AGENT D\u00c9CARTANT POUR FILM PROTECTEUR PARAFFINIQUE<\/span><\/div>\n<\/div>\n<\/div>\n<\/div>\n<\/div>\n","protected":false},"featured_media":3169,"template":"","meta":{"_acf_changed":false,"_seopress_robots_primary_cat":"","_seopress_titles_title":"","_seopress_titles_desc":"","_seopress_robots_index":"","_seopress_analysis_target_kw":""},"product_brand":[],"product_cat":[296,272],"product_tag":[],"class_list":{"0":"post-4843","1":"product","2":"type-product","3":"status-publish","4":"has-post-thumbnail","6":"product_cat-deparaffinants","7":"product_cat-linea-atasdet-fr","9":"first","10":"instock","11":"shipping-taxable","12":"product-type-variable"},"acf":[],"_links":{"self":[{"href":"https:\/\/www.atassrl.it\/fr\/wp-json\/wp\/v2\/product\/4843","targetHints":{"allow":["GET"]}}],"collection":[{"href":"https:\/\/www.atassrl.it\/fr\/wp-json\/wp\/v2\/product"}],"about":[{"href":"https:\/\/www.atassrl.it\/fr\/wp-json\/wp\/v2\/types\/product"}],"wp:featuredmedia":[{"embeddable":true,"href":"https:\/\/www.atassrl.it\/fr\/wp-json\/wp\/v2\/media\/3169"}],"wp:attachment":[{"href":"https:\/\/www.atassrl.it\/fr\/wp-json\/wp\/v2\/media?parent=4843"}],"wp:term":[{"taxonomy":"product_brand","embeddable":true,"href":"https:\/\/www.atassrl.it\/fr\/wp-json\/wp\/v2\/product_brand?post=4843"},{"taxonomy":"product_cat","embeddable":true,"href":"https:\/\/www.atassrl.it\/fr\/wp-json\/wp\/v2\/product_cat?post=4843"},{"taxonomy":"product_tag","embeddable":true,"href":"https:\/\/www.atassrl.it\/fr\/wp-json\/wp\/v2\/product_tag?post=4843"}],"curies":[{"name":"wp","href":"https:\/\/api.w.org\/{rel}","templated":true}]}}