{"id":4851,"date":"2019-07-11T17:01:01","date_gmt":"2019-07-11T15:01:01","guid":{"rendered":"http:\/\/atas.devsrvr.net\/prodotto\/a-s-t-1521\/"},"modified":"2022-08-03T10:31:46","modified_gmt":"2022-08-03T08:31:46","slug":"a-s-t-1521","status":"publish","type":"product","link":"https:\/\/www.atassrl.it\/fr\/prodotto\/a-s-t-1521\/","title":{"rendered":"A.S.T. 1521"},"content":{"rendered":"<div class=\"page\" title=\"Page 49\">\n<div class=\"section\">\n<div class=\"layoutArea\">\n<div class=\"column\">\n<p style=\"font-weight: 400;\">Rapide et efficace, \u00e0 utiliser avec un nettoyeur haute pression \u00e0 haute temp\u00e9rature, il dissout les produits paraffiniques protecteurs (caract\u00e9ris\u00e9s par leur couleur jaun\u00e2tre et leur duret\u00e9 mod\u00e9r\u00e9e) des voitures m\u00eame lorsqu&rsquo;elles sont stock\u00e9es pendant une longue p\u00e9riode. Il n&rsquo;alt\u00e8re pas les pi\u00e8ces en plastique et laisse les peintures brillantes et sans r\u00e9sidus. Produit sans odeur \u00e0 utiliser tel quel. En pr\u00e9sence de films tr\u00e8s \u00e9pais, renouveler l&rsquo;op\u00e9ration.<\/p>\n<\/div>\n<\/div>\n<\/div>\n<\/div>\n","protected":false},"excerpt":{"rendered":"<div class=\"page\" title=\"Page 49\">\n<div class=\"section\">\n<div class=\"layoutArea\">\n<div class=\"column\">\n<div><span lang=\"DE\">D\u00c9CARTEUR \u00c0 LA VAPEUR POUR FILM PROTECTEUR \u00c0 LA PARAFFINE<\/span><\/div>\n<\/div>\n<\/div>\n<\/div>\n<\/div>\n","protected":false},"featured_media":3170,"template":"","meta":{"_acf_changed":false,"_seopress_robots_primary_cat":"","_seopress_titles_title":"","_seopress_titles_desc":"","_seopress_robots_index":"","_seopress_analysis_target_kw":""},"product_brand":[],"product_cat":[296,272],"product_tag":[],"class_list":{"0":"post-4851","1":"product","2":"type-product","3":"status-publish","4":"has-post-thumbnail","6":"product_cat-deparaffinants","7":"product_cat-linea-atasdet-fr","9":"first","10":"instock","11":"shipping-taxable","12":"product-type-variable"},"acf":[],"_links":{"self":[{"href":"https:\/\/www.atassrl.it\/fr\/wp-json\/wp\/v2\/product\/4851","targetHints":{"allow":["GET"]}}],"collection":[{"href":"https:\/\/www.atassrl.it\/fr\/wp-json\/wp\/v2\/product"}],"about":[{"href":"https:\/\/www.atassrl.it\/fr\/wp-json\/wp\/v2\/types\/product"}],"wp:featuredmedia":[{"embeddable":true,"href":"https:\/\/www.atassrl.it\/fr\/wp-json\/wp\/v2\/media\/3170"}],"wp:attachment":[{"href":"https:\/\/www.atassrl.it\/fr\/wp-json\/wp\/v2\/media?parent=4851"}],"wp:term":[{"taxonomy":"product_brand","embeddable":true,"href":"https:\/\/www.atassrl.it\/fr\/wp-json\/wp\/v2\/product_brand?post=4851"},{"taxonomy":"product_cat","embeddable":true,"href":"https:\/\/www.atassrl.it\/fr\/wp-json\/wp\/v2\/product_cat?post=4851"},{"taxonomy":"product_tag","embeddable":true,"href":"https:\/\/www.atassrl.it\/fr\/wp-json\/wp\/v2\/product_tag?post=4851"}],"curies":[{"name":"wp","href":"https:\/\/api.w.org\/{rel}","templated":true}]}}