{"id":4869,"date":"2019-07-11T17:06:55","date_gmt":"2019-07-11T15:06:55","guid":{"rendered":"http:\/\/atas.devsrvr.net\/prodotto\/a-s-t-1531-super-l-40\/"},"modified":"2022-08-03T10:53:01","modified_gmt":"2022-08-03T08:53:01","slug":"a-s-t-1531-super-l-40","status":"publish","type":"product","link":"https:\/\/www.atassrl.it\/fr\/prodotto\/a-s-t-1531-super-l-40\/","title":{"rendered":"A.S.T. 1531 SUPER L 40"},"content":{"rendered":"<div class=\"page\" title=\"Page 49\">\n<div class=\"section\">\n<div class=\"layoutArea\">\n<div class=\"column\">\n<p style=\"font-weight: 400;\">Produit alcalin sp\u00e9cifique pour l&rsquo;\u00e9limination du film acrylique protecteur (caract\u00e9ris\u00e9 par un aspect vitreux particuli\u00e8rement r\u00e9sistant) des voitures neuves. Version hautement concentr\u00e9e adapt\u00e9e aux rev\u00eatements de protection avec une pr\u00e9sence abondante de r\u00e9sine et aux voitures de stockage de longue dur\u00e9e. Il contient des inhibiteurs qui pr\u00e9servent les peintures et les plastiques.<\/p>\n<\/div>\n<\/div>\n<\/div>\n<\/div>\n","protected":false},"excerpt":{"rendered":"<div class=\"page\" title=\"Page 49\">\n<div class=\"section\">\n<div class=\"layoutArea\">\n<div class=\"column\">\n<div><span lang=\"DE\">D\u00c9CARTEUR COPOLYM\u00c8RE<\/span><\/div>\n<\/div>\n<\/div>\n<\/div>\n<\/div>\n","protected":false},"featured_media":3173,"template":"","meta":{"_acf_changed":false,"_seopress_robots_primary_cat":"","_seopress_titles_title":"","_seopress_titles_desc":"","_seopress_robots_index":"","_seopress_analysis_target_kw":""},"product_brand":[],"product_cat":[296,272],"product_tag":[],"class_list":{"0":"post-4869","1":"product","2":"type-product","3":"status-publish","4":"has-post-thumbnail","6":"product_cat-deparaffinants","7":"product_cat-linea-atasdet-fr","9":"first","10":"instock","11":"shipping-taxable","12":"product-type-variable"},"acf":[],"_links":{"self":[{"href":"https:\/\/www.atassrl.it\/fr\/wp-json\/wp\/v2\/product\/4869","targetHints":{"allow":["GET"]}}],"collection":[{"href":"https:\/\/www.atassrl.it\/fr\/wp-json\/wp\/v2\/product"}],"about":[{"href":"https:\/\/www.atassrl.it\/fr\/wp-json\/wp\/v2\/types\/product"}],"wp:featuredmedia":[{"embeddable":true,"href":"https:\/\/www.atassrl.it\/fr\/wp-json\/wp\/v2\/media\/3173"}],"wp:attachment":[{"href":"https:\/\/www.atassrl.it\/fr\/wp-json\/wp\/v2\/media?parent=4869"}],"wp:term":[{"taxonomy":"product_brand","embeddable":true,"href":"https:\/\/www.atassrl.it\/fr\/wp-json\/wp\/v2\/product_brand?post=4869"},{"taxonomy":"product_cat","embeddable":true,"href":"https:\/\/www.atassrl.it\/fr\/wp-json\/wp\/v2\/product_cat?post=4869"},{"taxonomy":"product_tag","embeddable":true,"href":"https:\/\/www.atassrl.it\/fr\/wp-json\/wp\/v2\/product_tag?post=4869"}],"curies":[{"name":"wp","href":"https:\/\/api.w.org\/{rel}","templated":true}]}}