{"id":4881,"date":"2019-07-11T17:16:54","date_gmt":"2019-07-11T15:16:54","guid":{"rendered":"http:\/\/atas.devsrvr.net\/prodotto\/decabit-2\/"},"modified":"2022-08-03T10:59:24","modified_gmt":"2022-08-03T08:59:24","slug":"decabit-2","status":"publish","type":"product","link":"https:\/\/www.atassrl.it\/fr\/prodotto\/decabit-2\/","title":{"rendered":"DECABIT"},"content":{"rendered":"<div class=\"page\" title=\"Page 51\">\n<div class=\"section\">\n<div class=\"layoutArea\">\n<div class=\"column\">\n<p style=\"font-weight: 400;\">M\u00e9lange particulier de solvants et de tensioactifs \u00e0 haut pouvoir \u00e9mulsifiant qui dissout et \u00e9limine rapidement les r\u00e9sidus et les taches de goudron et de bitume des v\u00e9hicules en g\u00e9n\u00e9ral. Convient pour le nettoyage des chauss\u00e9es bitumineuses, des camions et de divers \u00e9quipements. Utilisez-le tel quel.<\/p>\n<\/div>\n<\/div>\n<\/div>\n<\/div>\n","protected":false},"excerpt":{"rendered":"<div class=\"page\" title=\"Page 51\">\n<div class=\"section\">\n<div class=\"layoutArea\">\n<div class=\"column\">\n<div><span lang=\"DE\">AGENT D\u00c9GOUDRONNANT<\/span><\/div>\n<\/div>\n<\/div>\n<\/div>\n<\/div>\n","protected":false},"featured_media":3193,"template":"","meta":{"_acf_changed":false,"_seopress_robots_primary_cat":"","_seopress_titles_title":"","_seopress_titles_desc":"","_seopress_robots_index":"","_seopress_analysis_target_kw":""},"product_brand":[],"product_cat":[377,272,781],"product_tag":[],"class_list":{"0":"post-4881","1":"product","2":"type-product","3":"status-publish","4":"has-post-thumbnail","6":"product_cat-emplois-specifiques","7":"product_cat-linea-atasdet-fr","8":"product_cat-nettoyants-exterieurs","10":"first","11":"instock","12":"shipping-taxable","13":"product-type-variable"},"acf":[],"_links":{"self":[{"href":"https:\/\/www.atassrl.it\/fr\/wp-json\/wp\/v2\/product\/4881","targetHints":{"allow":["GET"]}}],"collection":[{"href":"https:\/\/www.atassrl.it\/fr\/wp-json\/wp\/v2\/product"}],"about":[{"href":"https:\/\/www.atassrl.it\/fr\/wp-json\/wp\/v2\/types\/product"}],"wp:featuredmedia":[{"embeddable":true,"href":"https:\/\/www.atassrl.it\/fr\/wp-json\/wp\/v2\/media\/3193"}],"wp:attachment":[{"href":"https:\/\/www.atassrl.it\/fr\/wp-json\/wp\/v2\/media?parent=4881"}],"wp:term":[{"taxonomy":"product_brand","embeddable":true,"href":"https:\/\/www.atassrl.it\/fr\/wp-json\/wp\/v2\/product_brand?post=4881"},{"taxonomy":"product_cat","embeddable":true,"href":"https:\/\/www.atassrl.it\/fr\/wp-json\/wp\/v2\/product_cat?post=4881"},{"taxonomy":"product_tag","embeddable":true,"href":"https:\/\/www.atassrl.it\/fr\/wp-json\/wp\/v2\/product_tag?post=4881"}],"curies":[{"name":"wp","href":"https:\/\/api.w.org\/{rel}","templated":true}]}}