{"id":4899,"date":"2019-07-11T17:34:07","date_gmt":"2019-07-11T15:34:07","guid":{"rendered":"http:\/\/atas.devsrvr.net\/prodotto\/precal\/"},"modified":"2022-08-03T11:11:08","modified_gmt":"2022-08-03T09:11:08","slug":"precal","status":"publish","type":"product","link":"https:\/\/www.atassrl.it\/fr\/prodotto\/precal\/","title":{"rendered":"PRECAL"},"content":{"rendered":"<div class=\"page\" title=\"Page 52\">\n<div class=\"section\">\n<div class=\"layoutArea\">\n<div class=\"column\">\n<p style=\"font-weight: 400;\">M\u00e9lange de s\u00e9questrants particuliers qui, ajout\u00e9s \u00e0 l&rsquo;eau, inhibent la formation de sels insolubles de cuivre, zinc, calcium et magn\u00e9sium, \u00e9vitant ainsi les d\u00e9p\u00f4ts calcaires. Utilis\u00e9 p\u00e9riodiquement, il maintient en parfait \u00e9tat de fonctionnement les filtres, les buses, les \u00e9changeurs de chaleur, les serpentins des nettoyeurs haute pression, les lave-linge, les lave-vaisselle, etc. Dosez le produit en fonction de la duret\u00e9 de l&rsquo;eau, en gardant \u00e0 l&rsquo;esprit que la dose de 0,3 gramme\/litre r\u00e9duit la duret\u00e9 de l&rsquo;eau d&rsquo;environ 1\u00b0F.<\/p>\n<\/div>\n<\/div>\n<\/div>\n<\/div>\n","protected":false},"excerpt":{"rendered":"<div class=\"page\" title=\"Page 52\">\n<div class=\"section\">\n<div class=\"layoutArea\">\n<div class=\"column\">\n<div><span lang=\"DE\">D\u00c9TARTRANT POUR NETTOYEURS \u00c0 HAUTE PRESSION<\/span><\/div>\n<\/div>\n<\/div>\n<\/div>\n<\/div>\n","protected":false},"featured_media":3310,"template":"","meta":{"_acf_changed":false,"_seopress_robots_primary_cat":"","_seopress_titles_title":"","_seopress_titles_desc":"","_seopress_robots_index":"","_seopress_analysis_target_kw":""},"product_brand":[],"product_cat":[377,272],"product_tag":[],"class_list":{"0":"post-4899","1":"product","2":"type-product","3":"status-publish","4":"has-post-thumbnail","6":"product_cat-emplois-specifiques","7":"product_cat-linea-atasdet-fr","9":"first","10":"instock","11":"shipping-taxable","12":"product-type-variable"},"acf":[],"_links":{"self":[{"href":"https:\/\/www.atassrl.it\/fr\/wp-json\/wp\/v2\/product\/4899","targetHints":{"allow":["GET"]}}],"collection":[{"href":"https:\/\/www.atassrl.it\/fr\/wp-json\/wp\/v2\/product"}],"about":[{"href":"https:\/\/www.atassrl.it\/fr\/wp-json\/wp\/v2\/types\/product"}],"wp:featuredmedia":[{"embeddable":true,"href":"https:\/\/www.atassrl.it\/fr\/wp-json\/wp\/v2\/media\/3310"}],"wp:attachment":[{"href":"https:\/\/www.atassrl.it\/fr\/wp-json\/wp\/v2\/media?parent=4899"}],"wp:term":[{"taxonomy":"product_brand","embeddable":true,"href":"https:\/\/www.atassrl.it\/fr\/wp-json\/wp\/v2\/product_brand?post=4899"},{"taxonomy":"product_cat","embeddable":true,"href":"https:\/\/www.atassrl.it\/fr\/wp-json\/wp\/v2\/product_cat?post=4899"},{"taxonomy":"product_tag","embeddable":true,"href":"https:\/\/www.atassrl.it\/fr\/wp-json\/wp\/v2\/product_tag?post=4899"}],"curies":[{"name":"wp","href":"https:\/\/api.w.org\/{rel}","templated":true}]}}