{"id":4916,"date":"2019-07-15T15:34:17","date_gmt":"2019-07-15T13:34:17","guid":{"rendered":"http:\/\/atas.devsrvr.net\/prodotto\/dal\/"},"modified":"2022-08-03T11:17:14","modified_gmt":"2022-08-03T09:17:14","slug":"dal","status":"publish","type":"product","link":"https:\/\/www.atassrl.it\/fr\/prodotto\/dal\/","title":{"rendered":"DAL"},"content":{"rendered":"<div class=\"page\" title=\"Page 53\">\n<div class=\"section\">\n<div class=\"layoutArea\">\n<div class=\"column\">\n<p style=\"font-weight: 400;\">D\u00e9tergent peu moussant adapt\u00e9 au nettoyage des pi\u00e8ces en acier, laiton, fer, chrome-nickel. Faiblement acide, il \u00e9limine les l\u00e9gers r\u00e9sidus gras, les traces de doigts et les aur\u00e9oles, laissant les surfaces brillantes. Il peut \u00eatre utilis\u00e9 manuellement avec un pulv\u00e9risateur ou un n\u00e9buliseur. Il contient des substances sp\u00e9ciales \u00e0 action drainante qui favorisent le s\u00e9chage. Utilisez-le tel quel.<\/p>\n<\/div>\n<\/div>\n<\/div>\n<\/div>\n","protected":false},"excerpt":{"rendered":"<div class=\"page\" title=\"Page 53\">\n<div class=\"section\">\n<div class=\"layoutArea\">\n<div class=\"column\">\n<div><span lang=\"DE\">D\u00c9TERGENT POUR SURFACES EN ACIER<\/span><\/div>\n<\/div>\n<\/div>\n<\/div>\n<\/div>\n","protected":false},"featured_media":3190,"template":"","meta":{"_acf_changed":false,"_seopress_robots_primary_cat":"","_seopress_titles_title":"","_seopress_titles_desc":"","_seopress_robots_index":"","_seopress_analysis_target_kw":""},"product_brand":[],"product_cat":[377,272],"product_tag":[],"class_list":{"0":"post-4916","1":"product","2":"type-product","3":"status-publish","4":"has-post-thumbnail","6":"product_cat-emplois-specifiques","7":"product_cat-linea-atasdet-fr","9":"first","10":"instock","11":"shipping-taxable","12":"product-type-variable"},"acf":[],"_links":{"self":[{"href":"https:\/\/www.atassrl.it\/fr\/wp-json\/wp\/v2\/product\/4916","targetHints":{"allow":["GET"]}}],"collection":[{"href":"https:\/\/www.atassrl.it\/fr\/wp-json\/wp\/v2\/product"}],"about":[{"href":"https:\/\/www.atassrl.it\/fr\/wp-json\/wp\/v2\/types\/product"}],"wp:featuredmedia":[{"embeddable":true,"href":"https:\/\/www.atassrl.it\/fr\/wp-json\/wp\/v2\/media\/3190"}],"wp:attachment":[{"href":"https:\/\/www.atassrl.it\/fr\/wp-json\/wp\/v2\/media?parent=4916"}],"wp:term":[{"taxonomy":"product_brand","embeddable":true,"href":"https:\/\/www.atassrl.it\/fr\/wp-json\/wp\/v2\/product_brand?post=4916"},{"taxonomy":"product_cat","embeddable":true,"href":"https:\/\/www.atassrl.it\/fr\/wp-json\/wp\/v2\/product_cat?post=4916"},{"taxonomy":"product_tag","embeddable":true,"href":"https:\/\/www.atassrl.it\/fr\/wp-json\/wp\/v2\/product_tag?post=4916"}],"curies":[{"name":"wp","href":"https:\/\/api.w.org\/{rel}","templated":true}]}}