{"id":4928,"date":"2019-07-11T17:47:23","date_gmt":"2019-07-11T15:47:23","guid":{"rendered":"http:\/\/atas.devsrvr.net\/prodotto\/vaporex\/"},"modified":"2022-08-03T11:21:26","modified_gmt":"2022-08-03T09:21:26","slug":"vaporex","status":"publish","type":"product","link":"https:\/\/www.atassrl.it\/fr\/prodotto\/vaporex\/","title":{"rendered":"VAPOREX"},"content":{"rendered":"<div class=\"page\" title=\"Page 53\">\n<div class=\"section\">\n<div class=\"layoutArea\">\n<div class=\"column\">\n<p style=\"font-weight: 400;\">Tr\u00e8s soluble, il assure d&rsquo;excellents r\u00e9sultats de lavage aussi bien avec les nettoyeurs haute pression \u00e0 vapeur que dans les syst\u00e8mes de lavage en libre-service. Riche en agents s\u00e9questrants, il ne provoque pas d&rsquo;incrustations m\u00eame en pr\u00e9sence de sels. Il ne laisse aucun r\u00e9sidu et convient \u00e9galement au lavage des v\u00e9hicules lourds. Recommand\u00e9 \u00e9galement pour les sols, les murs et divers \u00e9quipements de l&rsquo;industrie alimentaire.<\/p>\n<\/div>\n<\/div>\n<\/div>\n<\/div>\n","protected":false},"excerpt":{"rendered":"<div class=\"page\" title=\"Page 53\">\n<div class=\"section\">\n<div class=\"layoutArea\">\n<div class=\"column\">\n<div><span lang=\"DE\">D\u00c9TERGENT EN POUDRE<\/span><\/div>\n<\/div>\n<\/div>\n<\/div>\n<\/div>\n","protected":false},"featured_media":3342,"template":"","meta":{"_acf_changed":false,"_seopress_robots_primary_cat":"","_seopress_titles_title":"","_seopress_titles_desc":"","_seopress_robots_index":"","_seopress_analysis_target_kw":""},"product_brand":[],"product_cat":[377,272],"product_tag":[],"class_list":{"0":"post-4928","1":"product","2":"type-product","3":"status-publish","4":"has-post-thumbnail","6":"product_cat-emplois-specifiques","7":"product_cat-linea-atasdet-fr","9":"first","10":"instock","11":"shipping-taxable","12":"product-type-variable"},"acf":[],"_links":{"self":[{"href":"https:\/\/www.atassrl.it\/fr\/wp-json\/wp\/v2\/product\/4928","targetHints":{"allow":["GET"]}}],"collection":[{"href":"https:\/\/www.atassrl.it\/fr\/wp-json\/wp\/v2\/product"}],"about":[{"href":"https:\/\/www.atassrl.it\/fr\/wp-json\/wp\/v2\/types\/product"}],"wp:featuredmedia":[{"embeddable":true,"href":"https:\/\/www.atassrl.it\/fr\/wp-json\/wp\/v2\/media\/3342"}],"wp:attachment":[{"href":"https:\/\/www.atassrl.it\/fr\/wp-json\/wp\/v2\/media?parent=4928"}],"wp:term":[{"taxonomy":"product_brand","embeddable":true,"href":"https:\/\/www.atassrl.it\/fr\/wp-json\/wp\/v2\/product_brand?post=4928"},{"taxonomy":"product_cat","embeddable":true,"href":"https:\/\/www.atassrl.it\/fr\/wp-json\/wp\/v2\/product_cat?post=4928"},{"taxonomy":"product_tag","embeddable":true,"href":"https:\/\/www.atassrl.it\/fr\/wp-json\/wp\/v2\/product_tag?post=4928"}],"curies":[{"name":"wp","href":"https:\/\/api.w.org\/{rel}","templated":true}]}}