{"id":4934,"date":"2019-07-11T17:49:46","date_gmt":"2019-07-11T15:49:46","guid":{"rendered":"http:\/\/atas.devsrvr.net\/prodotto\/disser\/"},"modified":"2022-08-03T11:23:13","modified_gmt":"2022-08-03T09:23:13","slug":"disser","status":"publish","type":"product","link":"https:\/\/www.atassrl.it\/fr\/prodotto\/disser\/","title":{"rendered":"DISSER"},"content":{"rendered":"<div class=\"page\" title=\"Page 54\">\n<div class=\"section\">\n<div class=\"layoutArea\">\n<div class=\"column\">\n<p style=\"font-weight: 400;\">Produit alcalin monocomposant particuli\u00e8rement efficace sur les r\u00e9sidus graisseux, le smog, les taches de sang et les r\u00e9sidus organiques en g\u00e9n\u00e9ral. Enrichi de substances sp\u00e9ciales \u00e0 action assainissante, il \u00e9limine les odeurs et inhibe la formation de moisissures. Adapt\u00e9 au nettoyage des compacteurs, il peut \u00e9galement \u00eatre utilis\u00e9 pour le nettoyage des poubelles et des conteneurs de recyclage.<\/p>\n<\/div>\n<\/div>\n<\/div>\n<\/div>\n","protected":false},"excerpt":{"rendered":"<div class=\"page\" title=\"Page 54\">\n<div class=\"section\">\n<div class=\"layoutArea\">\n<div class=\"column\">\n<div><span lang=\"DE\">D\u00c9GRAISSANT ASSAINISSANT POUR BENNES<\/span><\/div>\n<\/div>\n<\/div>\n<\/div>\n<\/div>\n","protected":false},"featured_media":3212,"template":"","meta":{"_acf_changed":false,"_seopress_robots_primary_cat":"","_seopress_titles_title":"","_seopress_titles_desc":"","_seopress_robots_index":"","_seopress_analysis_target_kw":""},"product_brand":[],"product_cat":[250,377,272],"product_tag":[],"class_list":{"0":"post-4934","1":"product","2":"type-product","3":"status-publish","4":"has-post-thumbnail","6":"product_cat-assainissants","7":"product_cat-emplois-specifiques","8":"product_cat-linea-atasdet-fr","10":"first","11":"instock","12":"shipping-taxable","13":"product-type-variable"},"acf":[],"_links":{"self":[{"href":"https:\/\/www.atassrl.it\/fr\/wp-json\/wp\/v2\/product\/4934","targetHints":{"allow":["GET"]}}],"collection":[{"href":"https:\/\/www.atassrl.it\/fr\/wp-json\/wp\/v2\/product"}],"about":[{"href":"https:\/\/www.atassrl.it\/fr\/wp-json\/wp\/v2\/types\/product"}],"wp:featuredmedia":[{"embeddable":true,"href":"https:\/\/www.atassrl.it\/fr\/wp-json\/wp\/v2\/media\/3212"}],"wp:attachment":[{"href":"https:\/\/www.atassrl.it\/fr\/wp-json\/wp\/v2\/media?parent=4934"}],"wp:term":[{"taxonomy":"product_brand","embeddable":true,"href":"https:\/\/www.atassrl.it\/fr\/wp-json\/wp\/v2\/product_brand?post=4934"},{"taxonomy":"product_cat","embeddable":true,"href":"https:\/\/www.atassrl.it\/fr\/wp-json\/wp\/v2\/product_cat?post=4934"},{"taxonomy":"product_tag","embeddable":true,"href":"https:\/\/www.atassrl.it\/fr\/wp-json\/wp\/v2\/product_tag?post=4934"}],"curies":[{"name":"wp","href":"https:\/\/api.w.org\/{rel}","templated":true}]}}