{"id":4954,"date":"2019-07-12T15:25:35","date_gmt":"2019-07-12T13:25:35","guid":{"rendered":"http:\/\/atas.devsrvr.net\/prodotto\/compat\/"},"modified":"2022-08-03T14:26:57","modified_gmt":"2022-08-03T12:26:57","slug":"compat","status":"publish","type":"product","link":"https:\/\/www.atassrl.it\/fr\/prodotto\/compat\/","title":{"rendered":"COMPAT"},"content":{"rendered":"<div class=\"page\" title=\"Page 55\">\n<div class=\"section\">\n<div class=\"layoutArea\">\n<div class=\"column\">\n<p style=\"font-weight: 400;\">Produit liquide alcalin hautement concentr\u00e9, sp\u00e9cifique pour le nettoyage externe et interne des compacteurs. Il \u00e9limine les taches de nature organique et inorganique telles que la graisse, les huiles lubrifiantes, etc., sans laisser de r\u00e9sidus. Il peut \u00e9galement \u00eatre utilis\u00e9 pour le lavage des conteneurs utilis\u00e9s pour le recyclage (verre, plastique, aluminium, arbustes), gr\u00e2ce \u00e0 l&rsquo;utilisation d&rsquo;unit\u00e9s mobiles \u00e9quip\u00e9es en cons\u00e9quence. Avec un pouvoir moussant r\u00e9duit, il se rince facilement et peut \u00e9galement \u00eatre utilis\u00e9 avec un n\u00e9buliseur.<\/p>\n<\/div>\n<\/div>\n<\/div>\n<\/div>\n","protected":false},"excerpt":{"rendered":"<div class=\"page\" title=\"Page 55\">\n<div class=\"section\">\n<div class=\"layoutArea\">\n<div class=\"column\">\n<div><span lang=\"DE\">D\u00c9TERGENT POUR COMPACTEURS<\/span><\/div>\n<\/div>\n<\/div>\n<\/div>\n<\/div>\n","protected":false},"featured_media":7675,"template":"","meta":{"_acf_changed":false,"_seopress_robots_primary_cat":"","_seopress_titles_title":"","_seopress_titles_desc":"","_seopress_robots_index":"","_seopress_analysis_target_kw":""},"product_brand":[],"product_cat":[399,272],"product_tag":[],"class_list":{"0":"post-4954","1":"product","2":"type-product","3":"status-publish","4":"has-post-thumbnail","6":"product_cat-citernes-et-compacteurs","7":"product_cat-linea-atasdet-fr","9":"first","10":"instock","11":"shipping-taxable","12":"product-type-variable"},"acf":[],"_links":{"self":[{"href":"https:\/\/www.atassrl.it\/fr\/wp-json\/wp\/v2\/product\/4954","targetHints":{"allow":["GET"]}}],"collection":[{"href":"https:\/\/www.atassrl.it\/fr\/wp-json\/wp\/v2\/product"}],"about":[{"href":"https:\/\/www.atassrl.it\/fr\/wp-json\/wp\/v2\/types\/product"}],"wp:featuredmedia":[{"embeddable":true,"href":"https:\/\/www.atassrl.it\/fr\/wp-json\/wp\/v2\/media\/7675"}],"wp:attachment":[{"href":"https:\/\/www.atassrl.it\/fr\/wp-json\/wp\/v2\/media?parent=4954"}],"wp:term":[{"taxonomy":"product_brand","embeddable":true,"href":"https:\/\/www.atassrl.it\/fr\/wp-json\/wp\/v2\/product_brand?post=4954"},{"taxonomy":"product_cat","embeddable":true,"href":"https:\/\/www.atassrl.it\/fr\/wp-json\/wp\/v2\/product_cat?post=4954"},{"taxonomy":"product_tag","embeddable":true,"href":"https:\/\/www.atassrl.it\/fr\/wp-json\/wp\/v2\/product_tag?post=4954"}],"curies":[{"name":"wp","href":"https:\/\/api.w.org\/{rel}","templated":true}]}}