{"id":4979,"date":"2019-07-12T16:19:31","date_gmt":"2019-07-12T14:19:31","guid":{"rendered":"http:\/\/atas.devsrvr.net\/prodotto\/cislav\/"},"modified":"2022-08-03T14:43:25","modified_gmt":"2022-08-03T12:43:25","slug":"cislav","status":"publish","type":"product","link":"https:\/\/www.atassrl.it\/fr\/prodotto\/cislav\/","title":{"rendered":"CISLAV"},"content":{"rendered":"<div class=\"page\" title=\"Page 56\">\n<div class=\"section\">\n<div class=\"layoutArea\">\n<div class=\"column\">\n<p style=\"font-weight: 400;\">Formulation alcaline chloroactive adapt\u00e9e au nettoyage des r\u00e9servoirs, des conteneurs en acier inoxydable et au transport du chocolat, du vin, du lait et de ses d\u00e9riv\u00e9s, car elle \u00e9limine les graisses, m\u00eame de nature prot\u00e9ique. Efficace sur les r\u00e9sidus de colorants et de tartrates &#8211; et conforme \u00e0 la r\u00e9glementation HACCP, il s&rsquo;utilise avec n\u00e9buliseur ou t\u00eates rotatives haute pression. \u00c9vitez les pi\u00e8ces en aluminium.<\/p>\n<\/div>\n<\/div>\n<\/div>\n<\/div>\n","protected":false},"excerpt":{"rendered":"<div class=\"page\" title=\"Page 56\">\n<div class=\"section\">\n<div class=\"layoutArea\">\n<div class=\"column\">\n<div><span lang=\"DE\">D\u00c9TERGENT POUR R\u00c9SERVOIRS<\/span><\/div>\n<\/div>\n<\/div>\n<\/div>\n<\/div>\n","protected":false},"featured_media":3270,"template":"","meta":{"_acf_changed":false,"_seopress_robots_primary_cat":"","_seopress_titles_title":"","_seopress_titles_desc":"","_seopress_robots_index":"","_seopress_analysis_target_kw":""},"product_brand":[],"product_cat":[399,272],"product_tag":[],"class_list":{"0":"post-4979","1":"product","2":"type-product","3":"status-publish","4":"has-post-thumbnail","6":"product_cat-citernes-et-compacteurs","7":"product_cat-linea-atasdet-fr","9":"first","10":"instock","11":"shipping-taxable","12":"product-type-variable"},"acf":[],"_links":{"self":[{"href":"https:\/\/www.atassrl.it\/fr\/wp-json\/wp\/v2\/product\/4979","targetHints":{"allow":["GET"]}}],"collection":[{"href":"https:\/\/www.atassrl.it\/fr\/wp-json\/wp\/v2\/product"}],"about":[{"href":"https:\/\/www.atassrl.it\/fr\/wp-json\/wp\/v2\/types\/product"}],"wp:featuredmedia":[{"embeddable":true,"href":"https:\/\/www.atassrl.it\/fr\/wp-json\/wp\/v2\/media\/3270"}],"wp:attachment":[{"href":"https:\/\/www.atassrl.it\/fr\/wp-json\/wp\/v2\/media?parent=4979"}],"wp:term":[{"taxonomy":"product_brand","embeddable":true,"href":"https:\/\/www.atassrl.it\/fr\/wp-json\/wp\/v2\/product_brand?post=4979"},{"taxonomy":"product_cat","embeddable":true,"href":"https:\/\/www.atassrl.it\/fr\/wp-json\/wp\/v2\/product_cat?post=4979"},{"taxonomy":"product_tag","embeddable":true,"href":"https:\/\/www.atassrl.it\/fr\/wp-json\/wp\/v2\/product_tag?post=4979"}],"curies":[{"name":"wp","href":"https:\/\/api.w.org\/{rel}","templated":true}]}}