{"id":4985,"date":"2019-07-12T16:21:42","date_gmt":"2019-07-12T14:21:42","guid":{"rendered":"http:\/\/atas.devsrvr.net\/prodotto\/debot\/"},"modified":"2022-08-03T14:46:39","modified_gmt":"2022-08-03T12:46:39","slug":"debot","status":"publish","type":"product","link":"https:\/\/www.atassrl.it\/fr\/prodotto\/debot\/","title":{"rendered":"DEBOT"},"content":{"rendered":"<div class=\"page\" title=\"Page 56\">\n<div class=\"section\">\n<div class=\"layoutArea\">\n<div class=\"column\">\n<p style=\"font-weight: 400;\">Dot\u00e9 d&rsquo;un haut pouvoir d\u00e9tartrant, il \u00e9limine les r\u00e9sidus de ciment, chlorure de calcium, chaux des citernes, cuves et \u00e9quipements divers en acier, aluminium et ses alliages. Il \u00e9limine les r\u00e9sidus huileux et les d\u00e9p\u00f4ts calcaires des piscines, bassins, filtres, etc., \u00e9liminant le smog, l&rsquo;oxydation, les d\u00e9p\u00f4ts siliceux et la suie des wagons de chemin de fer. Il peut \u00eatre utilis\u00e9 \u00e0 la fois avec un n\u00e9buliseur et \u00e0 l&rsquo;aide d&rsquo;un \u00e9quipement \u00e0 haute pression.<\/p>\n<\/div>\n<\/div>\n<\/div>\n<\/div>\n","protected":false},"excerpt":{"rendered":"<div class=\"page\" title=\"Page 56\">\n<div class=\"section\">\n<div class=\"layoutArea\">\n<div class=\"column\">\n<div><span lang=\"DE\">D\u00c9TERGENT ACIDE CONCENTR\u00c9<\/span><\/div>\n<\/div>\n<\/div>\n<\/div>\n<\/div>\n","protected":false},"featured_media":3192,"template":"","meta":{"_acf_changed":false,"_seopress_robots_primary_cat":"","_seopress_titles_title":"","_seopress_titles_desc":"","_seopress_robots_index":"","_seopress_analysis_target_kw":""},"product_brand":[],"product_cat":[399,272],"product_tag":[],"class_list":{"0":"post-4985","1":"product","2":"type-product","3":"status-publish","4":"has-post-thumbnail","6":"product_cat-citernes-et-compacteurs","7":"product_cat-linea-atasdet-fr","9":"first","10":"instock","11":"shipping-taxable","12":"product-type-variable"},"acf":[],"_links":{"self":[{"href":"https:\/\/www.atassrl.it\/fr\/wp-json\/wp\/v2\/product\/4985","targetHints":{"allow":["GET"]}}],"collection":[{"href":"https:\/\/www.atassrl.it\/fr\/wp-json\/wp\/v2\/product"}],"about":[{"href":"https:\/\/www.atassrl.it\/fr\/wp-json\/wp\/v2\/types\/product"}],"wp:featuredmedia":[{"embeddable":true,"href":"https:\/\/www.atassrl.it\/fr\/wp-json\/wp\/v2\/media\/3192"}],"wp:attachment":[{"href":"https:\/\/www.atassrl.it\/fr\/wp-json\/wp\/v2\/media?parent=4985"}],"wp:term":[{"taxonomy":"product_brand","embeddable":true,"href":"https:\/\/www.atassrl.it\/fr\/wp-json\/wp\/v2\/product_brand?post=4985"},{"taxonomy":"product_cat","embeddable":true,"href":"https:\/\/www.atassrl.it\/fr\/wp-json\/wp\/v2\/product_cat?post=4985"},{"taxonomy":"product_tag","embeddable":true,"href":"https:\/\/www.atassrl.it\/fr\/wp-json\/wp\/v2\/product_tag?post=4985"}],"curies":[{"name":"wp","href":"https:\/\/api.w.org\/{rel}","templated":true}]}}