{"id":4991,"date":"2019-07-12T16:24:28","date_gmt":"2019-07-12T14:24:28","guid":{"rendered":"http:\/\/atas.devsrvr.net\/prodotto\/sarnif\/"},"modified":"2022-08-03T15:17:10","modified_gmt":"2022-08-03T13:17:10","slug":"sarnif","status":"publish","type":"product","link":"https:\/\/www.atassrl.it\/fr\/prodotto\/sarnif\/","title":{"rendered":"SARNIF"},"content":{"rendered":"<div class=\"page\" title=\"Page 57\">\n<div class=\"section\">\n<div class=\"layoutArea\">\n<div class=\"column\">\n<p style=\"font-weight: 400;\">Convient pour l&rsquo;assainissement et le nettoyage des \u00e9quipements, conteneurs, chambres froides, murs, sols, etc., avec peu de mousse, il est \u00e9galement efficace en pr\u00e9sence d&rsquo;eau dure. Inodore, il est compatible avec les surfaces en m\u00e9tal, plastique, formica, stratifi\u00e9 et carrelage. Diluer 1\u00a0: 30-40 pour divers \u00e9quipements dans le secteur laitier, 1\u00a0: 50-80 pour les sols, les murs, les services de cantine et les cuisines en g\u00e9n\u00e9ral\u00a0; 1\u00a0:\u00a0100 pour les chambres froides et les conteneurs pour la transformation de la viande. D\u00e9tergent utilisable dans les proc\u00e9dures de lavage HACCP (d\u00e9cret l\u00e9gislatif 155\/97).<\/p>\n<\/div>\n<\/div>\n<\/div>\n<\/div>\n","protected":false},"excerpt":{"rendered":"<div class=\"page\" title=\"Page 57\">\n<div class=\"section\">\n<div class=\"layoutArea\">\n<div class=\"column\">\n<div><span lang=\"DE\">D\u00c9TERGENT D\u00c9SINFECTANT<\/span><\/div>\n<\/div>\n<\/div>\n<\/div>\n<\/div>\n","protected":false},"featured_media":7883,"template":"","meta":{"_acf_changed":false,"_seopress_robots_primary_cat":"","_seopress_titles_title":"","_seopress_titles_desc":"","_seopress_robots_index":"","_seopress_analysis_target_kw":""},"product_brand":[],"product_cat":[323,272],"product_tag":[],"class_list":{"0":"post-4991","1":"product","2":"type-product","3":"status-publish","4":"has-post-thumbnail","6":"product_cat-assainissants-fr","7":"product_cat-linea-atasdet-fr","9":"first","10":"instock","11":"shipping-taxable","12":"product-type-variable"},"acf":[],"_links":{"self":[{"href":"https:\/\/www.atassrl.it\/fr\/wp-json\/wp\/v2\/product\/4991","targetHints":{"allow":["GET"]}}],"collection":[{"href":"https:\/\/www.atassrl.it\/fr\/wp-json\/wp\/v2\/product"}],"about":[{"href":"https:\/\/www.atassrl.it\/fr\/wp-json\/wp\/v2\/types\/product"}],"wp:featuredmedia":[{"embeddable":true,"href":"https:\/\/www.atassrl.it\/fr\/wp-json\/wp\/v2\/media\/7883"}],"wp:attachment":[{"href":"https:\/\/www.atassrl.it\/fr\/wp-json\/wp\/v2\/media?parent=4991"}],"wp:term":[{"taxonomy":"product_brand","embeddable":true,"href":"https:\/\/www.atassrl.it\/fr\/wp-json\/wp\/v2\/product_brand?post=4991"},{"taxonomy":"product_cat","embeddable":true,"href":"https:\/\/www.atassrl.it\/fr\/wp-json\/wp\/v2\/product_cat?post=4991"},{"taxonomy":"product_tag","embeddable":true,"href":"https:\/\/www.atassrl.it\/fr\/wp-json\/wp\/v2\/product_tag?post=4991"}],"curies":[{"name":"wp","href":"https:\/\/api.w.org\/{rel}","templated":true}]}}