{"id":5009,"date":"2019-07-12T16:34:42","date_gmt":"2019-07-12T14:34:42","guid":{"rendered":"http:\/\/atas.devsrvr.net\/prodotto\/uniclor\/"},"modified":"2022-08-03T16:03:03","modified_gmt":"2022-08-03T14:03:03","slug":"uniclor","status":"publish","type":"product","link":"https:\/\/www.atassrl.it\/fr\/prodotto\/uniclor\/","title":{"rendered":"UNICLOR"},"content":{"rendered":"<div class=\"page\" title=\"Page 57\">\n<div class=\"section\">\n<div class=\"layoutArea\">\n<div class=\"column\">\n<p style=\"font-weight: 400;\">Produit \u00e0 haute alcalinit\u00e9 adapt\u00e9 au nettoyage, au d\u00e9graissage et \u00e0 la d\u00e9sinfection des sols, des murs, des chambres froides, des conteneurs et des \u00e9quipements pour l&rsquo;industrie alimentaire. La teneur \u00e9lev\u00e9e en chlore actif assure non seulement un nettoyage parfait, mais contribue \u00e9galement de mani\u00e8re significative \u00e0 l&rsquo;assainissement des surfaces trait\u00e9es. Indispensable pour les stations de lavage sp\u00e9cialis\u00e9es dans le nettoyage des v\u00e9hicules et r\u00e9frig\u00e9rateurs transportant des denr\u00e9es alimentaires.<\/p>\n<\/div>\n<\/div>\n<\/div>\n<\/div>\n","protected":false},"excerpt":{"rendered":"<div class=\"page\" title=\"Page 57\">\n<div class=\"section\">\n<div class=\"layoutArea\">\n<div class=\"column\">\n<div><span lang=\"EN-US\">D\u00c9TERGENT CHLOROACTIF FORT NON MOUSSANT<\/span><\/div>\n<\/div>\n<\/div>\n<\/div>\n<\/div>\n","protected":false},"featured_media":3339,"template":"","meta":{"_acf_changed":false,"_seopress_robots_primary_cat":"","_seopress_titles_title":"","_seopress_titles_desc":"","_seopress_robots_index":"","_seopress_analysis_target_kw":""},"product_brand":[],"product_cat":[323,272],"product_tag":[],"class_list":{"0":"post-5009","1":"product","2":"type-product","3":"status-publish","4":"has-post-thumbnail","6":"product_cat-assainissants-fr","7":"product_cat-linea-atasdet-fr","9":"first","10":"instock","11":"shipping-taxable","12":"product-type-variable"},"acf":[],"_links":{"self":[{"href":"https:\/\/www.atassrl.it\/fr\/wp-json\/wp\/v2\/product\/5009","targetHints":{"allow":["GET"]}}],"collection":[{"href":"https:\/\/www.atassrl.it\/fr\/wp-json\/wp\/v2\/product"}],"about":[{"href":"https:\/\/www.atassrl.it\/fr\/wp-json\/wp\/v2\/types\/product"}],"wp:featuredmedia":[{"embeddable":true,"href":"https:\/\/www.atassrl.it\/fr\/wp-json\/wp\/v2\/media\/3339"}],"wp:attachment":[{"href":"https:\/\/www.atassrl.it\/fr\/wp-json\/wp\/v2\/media?parent=5009"}],"wp:term":[{"taxonomy":"product_brand","embeddable":true,"href":"https:\/\/www.atassrl.it\/fr\/wp-json\/wp\/v2\/product_brand?post=5009"},{"taxonomy":"product_cat","embeddable":true,"href":"https:\/\/www.atassrl.it\/fr\/wp-json\/wp\/v2\/product_cat?post=5009"},{"taxonomy":"product_tag","embeddable":true,"href":"https:\/\/www.atassrl.it\/fr\/wp-json\/wp\/v2\/product_tag?post=5009"}],"curies":[{"name":"wp","href":"https:\/\/api.w.org\/{rel}","templated":true}]}}