{"id":5015,"date":"2019-07-12T16:40:57","date_gmt":"2019-07-12T14:40:57","guid":{"rendered":"http:\/\/atas.devsrvr.net\/prodotto\/solvar-p-s\/"},"modified":"2022-10-11T09:46:00","modified_gmt":"2022-10-11T07:46:00","slug":"solvar-p-s","status":"publish","type":"product","link":"https:\/\/www.atassrl.it\/fr\/prodotto\/solvar-p-s\/","title":{"rendered":"SOLVAR P.S."},"content":{"rendered":"<div class=\"page\" title=\"Page 59\">\n<div class=\"section\">\n<div class=\"layoutArea\">\n<div class=\"column\">\n<p style=\"font-weight: 400;\">Produit inodore \u00e0 haut pouvoir solvant, adapt\u00e9 au nettoyage et \u00e0 l&rsquo;entretien des \u00e9quipements m\u00e9caniques en g\u00e9n\u00e9ral, il dissout les huiles et les graisses utilis\u00e9es dans le travail des m\u00e9taux. Il \u00e9limine la poussi\u00e8re, les r\u00e9sidus de traitement et divers contaminants. Il exerce \u00e9galement une action protectrice efficace sur les pi\u00e8ces trait\u00e9es, les prot\u00e9geant de l&rsquo;agression des agents chimiques et atmosph\u00e9riques et des ph\u00e9nom\u00e8nes oxydatifs m\u00eame en cas d&rsquo;exp\u00e9dition par voie maritime. Il n&rsquo;alt\u00e8re pas les fonctions \u00e9lectriques et, par cons\u00e9quent, il peut \u00eatre utilis\u00e9 pour prot\u00e9ger les bornes de la batterie et les pi\u00e8ces \u00e9lectriques en g\u00e9n\u00e9ral. Utilisez le produit tel quel.<\/p>\n<\/div>\n<\/div>\n<\/div>\n<\/div>\n","protected":false},"excerpt":{"rendered":"<div class=\"page\" title=\"Page 59\">\n<div class=\"section\">\n<div class=\"layoutArea\">\n<div class=\"column\">\n<p style=\"font-weight: 400;\">D\u00c9TERGENT PROTECTEUR ANTIOXYDANT<\/p>\n<\/div>\n<\/div>\n<\/div>\n<\/div>\n","protected":false},"featured_media":3266,"template":"","meta":{"_acf_changed":false,"_seopress_robots_primary_cat":"","_seopress_titles_title":"","_seopress_titles_desc":"","_seopress_robots_index":"","_seopress_analysis_target_kw":""},"product_brand":[],"product_cat":[342,272],"product_tag":[],"class_list":{"0":"post-5015","1":"product","2":"type-product","3":"status-publish","4":"has-post-thumbnail","6":"product_cat-garages","7":"product_cat-linea-atasdet-fr","9":"first","10":"instock","11":"shipping-taxable","12":"product-type-variable"},"acf":[],"_links":{"self":[{"href":"https:\/\/www.atassrl.it\/fr\/wp-json\/wp\/v2\/product\/5015","targetHints":{"allow":["GET"]}}],"collection":[{"href":"https:\/\/www.atassrl.it\/fr\/wp-json\/wp\/v2\/product"}],"about":[{"href":"https:\/\/www.atassrl.it\/fr\/wp-json\/wp\/v2\/types\/product"}],"wp:featuredmedia":[{"embeddable":true,"href":"https:\/\/www.atassrl.it\/fr\/wp-json\/wp\/v2\/media\/3266"}],"wp:attachment":[{"href":"https:\/\/www.atassrl.it\/fr\/wp-json\/wp\/v2\/media?parent=5015"}],"wp:term":[{"taxonomy":"product_brand","embeddable":true,"href":"https:\/\/www.atassrl.it\/fr\/wp-json\/wp\/v2\/product_brand?post=5015"},{"taxonomy":"product_cat","embeddable":true,"href":"https:\/\/www.atassrl.it\/fr\/wp-json\/wp\/v2\/product_cat?post=5015"},{"taxonomy":"product_tag","embeddable":true,"href":"https:\/\/www.atassrl.it\/fr\/wp-json\/wp\/v2\/product_tag?post=5015"}],"curies":[{"name":"wp","href":"https:\/\/api.w.org\/{rel}","templated":true}]}}