{"id":5021,"date":"2019-07-12T16:44:06","date_gmt":"2019-07-12T14:44:06","guid":{"rendered":"http:\/\/atas.devsrvr.net\/prodotto\/blokar-special-2\/"},"modified":"2022-10-10T12:05:46","modified_gmt":"2022-10-10T10:05:46","slug":"blokar-special-2","status":"publish","type":"product","link":"https:\/\/www.atassrl.it\/fr\/prodotto\/blokar-special-2\/","title":{"rendered":"BLOKAR SPECIAL"},"content":{"rendered":"<div class=\"page\" title=\"Page 59\">\n<div class=\"section\">\n<div class=\"layoutArea\">\n<div class=\"column\">\n<p style=\"font-weight: 400;\">Sp\u00e9cifique pour les voitures de grande cylindr\u00e9e et dans tous les cas o\u00f9 le syst\u00e8me de freinage est soumis \u00e0 de fortes sollicitations. Il n&rsquo;alt\u00e8re pas les pi\u00e8ces en caoutchouc ou en m\u00e9tal. Stable \u00e0 haute comme \u00e0 basse temp\u00e9rature. Convient aux syst\u00e8mes \u00e0 disque, tambour et ABS. Point d&rsquo;\u00e9bullition 265\u00b0C, apr\u00e8s humidification 165\u00b0C. Point de cong\u00e9lation -50\u00b0C. La version \u00ab Blokar Max \u00bb est disponible avec un point d&rsquo;\u00e9bullition, apr\u00e8s humidification, 188\u00b0C.<\/p>\n<\/div>\n<\/div>\n<\/div>\n<\/div>\n","protected":false},"excerpt":{"rendered":"<div class=\"page\" title=\"Page 59\">\n<div class=\"section\">\n<div class=\"layoutArea\">\n<div class=\"column\">\n<div><span lang=\"DE\">LIQUIDE DE FREIN DOT 4<\/span><\/div>\n<\/div>\n<\/div>\n<\/div>\n<\/div>\n","protected":false},"featured_media":3180,"template":"","meta":{"_acf_changed":false,"_seopress_robots_primary_cat":"","_seopress_titles_title":"","_seopress_titles_desc":"","_seopress_robots_index":"","_seopress_analysis_target_kw":""},"product_brand":[],"product_cat":[342,272],"product_tag":[],"class_list":{"0":"post-5021","1":"product","2":"type-product","3":"status-publish","4":"has-post-thumbnail","6":"product_cat-garages","7":"product_cat-linea-atasdet-fr","9":"first","10":"instock","11":"shipping-taxable","12":"product-type-variable"},"acf":[],"_links":{"self":[{"href":"https:\/\/www.atassrl.it\/fr\/wp-json\/wp\/v2\/product\/5021","targetHints":{"allow":["GET"]}}],"collection":[{"href":"https:\/\/www.atassrl.it\/fr\/wp-json\/wp\/v2\/product"}],"about":[{"href":"https:\/\/www.atassrl.it\/fr\/wp-json\/wp\/v2\/types\/product"}],"wp:featuredmedia":[{"embeddable":true,"href":"https:\/\/www.atassrl.it\/fr\/wp-json\/wp\/v2\/media\/3180"}],"wp:attachment":[{"href":"https:\/\/www.atassrl.it\/fr\/wp-json\/wp\/v2\/media?parent=5021"}],"wp:term":[{"taxonomy":"product_brand","embeddable":true,"href":"https:\/\/www.atassrl.it\/fr\/wp-json\/wp\/v2\/product_brand?post=5021"},{"taxonomy":"product_cat","embeddable":true,"href":"https:\/\/www.atassrl.it\/fr\/wp-json\/wp\/v2\/product_cat?post=5021"},{"taxonomy":"product_tag","embeddable":true,"href":"https:\/\/www.atassrl.it\/fr\/wp-json\/wp\/v2\/product_tag?post=5021"}],"curies":[{"name":"wp","href":"https:\/\/api.w.org\/{rel}","templated":true}]}}