{"id":5027,"date":"2019-07-12T16:48:40","date_gmt":"2019-07-12T14:48:40","guid":{"rendered":"http:\/\/atas.devsrvr.net\/prodotto\/autorad-2\/"},"modified":"2022-10-10T11:08:42","modified_gmt":"2022-10-10T09:08:42","slug":"autorad-2","status":"publish","type":"product","link":"https:\/\/www.atassrl.it\/fr\/prodotto\/autorad-2\/","title":{"rendered":"AUTORAD"},"content":{"rendered":"<div class=\"page\" title=\"Page 60\">\n<div class=\"section\">\n<div class=\"layoutArea\">\n<div class=\"column\">\n<p style=\"font-weight: 400;\">Liquide de haute qualit\u00e9 exclusivement \u00e0 base de mono\u00e9thyl\u00e8ne glycol avec inhibiteurs inorganiques et de couleur bleue. Il a des propri\u00e9t\u00e9s antigel, antitartre, anticorrosion, anti-\u00e9vaporation et ne produit pas de mousse. il n&rsquo;attaque pas les m\u00e9taux, les plastiques et les caoutchoucs et peut \u00eatre utilis\u00e9 en toute saison. Produit concentr\u00e9. Dilu\u00e9 \u00e0 50% en volume, il garantit une protection contre le gel jusqu&rsquo;\u00e0 -38\u00b0C et un point d&rsquo;\u00e9bullition de 108\u00b0C. Existe aussi en coloris vert et jaune. Il est \u00e9galement fourni dans les versions -10\u00b0, jusqu&rsquo;\u00e0 -20\u00b0, -40\u00b0.<\/p>\n<\/div>\n<\/div>\n<\/div>\n<\/div>\n","protected":false},"excerpt":{"rendered":"<div class=\"page\" title=\"Page 60\">\n<div class=\"section\">\n<div class=\"layoutArea\">\n<div class=\"column\">\n<p style=\"font-weight: 400;\">ANTIGEL POUR RADIATEURS<\/p>\n<\/div>\n<\/div>\n<\/div>\n<\/div>\n","protected":false},"featured_media":3179,"template":"","meta":{"_acf_changed":false,"_seopress_robots_primary_cat":"","_seopress_titles_title":"","_seopress_titles_desc":"","_seopress_robots_index":"","_seopress_analysis_target_kw":""},"product_brand":[],"product_cat":[342,272],"product_tag":[],"class_list":{"0":"post-5027","1":"product","2":"type-product","3":"status-publish","4":"has-post-thumbnail","6":"product_cat-garages","7":"product_cat-linea-atasdet-fr","9":"first","10":"instock","11":"shipping-taxable","12":"product-type-variable"},"acf":[],"_links":{"self":[{"href":"https:\/\/www.atassrl.it\/fr\/wp-json\/wp\/v2\/product\/5027","targetHints":{"allow":["GET"]}}],"collection":[{"href":"https:\/\/www.atassrl.it\/fr\/wp-json\/wp\/v2\/product"}],"about":[{"href":"https:\/\/www.atassrl.it\/fr\/wp-json\/wp\/v2\/types\/product"}],"wp:featuredmedia":[{"embeddable":true,"href":"https:\/\/www.atassrl.it\/fr\/wp-json\/wp\/v2\/media\/3179"}],"wp:attachment":[{"href":"https:\/\/www.atassrl.it\/fr\/wp-json\/wp\/v2\/media?parent=5027"}],"wp:term":[{"taxonomy":"product_brand","embeddable":true,"href":"https:\/\/www.atassrl.it\/fr\/wp-json\/wp\/v2\/product_brand?post=5027"},{"taxonomy":"product_cat","embeddable":true,"href":"https:\/\/www.atassrl.it\/fr\/wp-json\/wp\/v2\/product_cat?post=5027"},{"taxonomy":"product_tag","embeddable":true,"href":"https:\/\/www.atassrl.it\/fr\/wp-json\/wp\/v2\/product_tag?post=5027"}],"curies":[{"name":"wp","href":"https:\/\/api.w.org\/{rel}","templated":true}]}}