{"id":5037,"date":"2019-07-12T16:51:12","date_gmt":"2019-07-12T14:51:12","guid":{"rendered":"http:\/\/atas.devsrvr.net\/prodotto\/tecnoclim\/"},"modified":"2022-10-13T10:48:07","modified_gmt":"2022-10-13T08:48:07","slug":"tecnoclim","status":"publish","type":"product","link":"https:\/\/www.atassrl.it\/fr\/prodotto\/tecnoclim\/","title":{"rendered":"TECNOCLIM"},"content":{"rendered":"<div class=\"page\" title=\"Page 60\">\n<div class=\"section\">\n<div class=\"layoutArea\">\n<div class=\"column\">\n<p><span data-sheets-value=\"{&quot;1&quot;:2,&quot;2&quot;:&quot;LIQUIDE ANTIGEL POUR RADIATEURnProduit rouge concentr\u00e9 contenant des inhibiteurs de corrosion sp\u00e9ciaux - G12 - pour une protection efficace du circuit de refroidissement, en particulier de ses parties en aluminium. Anti-\u00e9vaporation et anti-incrustation, ne produit pas de mousse. Dilu\u00e9 \u00e0 50% sur son volume, assure une protection hors gel jusqu'\u00e0 \u2013 38\u00b0C. Disponible en versions PURE et -40.&quot;}\" data-sheets-userformat=\"{&quot;2&quot;:2819,&quot;3&quot;:{&quot;1&quot;:0},&quot;4&quot;:{&quot;1&quot;:2,&quot;2&quot;:16777215},&quot;11&quot;:4,&quot;12&quot;:0,&quot;14&quot;:{&quot;1&quot;:2,&quot;2&quot;:0}}\">Produit rouge concentr\u00e9 contenant des inhibiteurs de corrosion sp\u00e9ciaux &#8211; G12 &#8211; pour une protection efficace du circuit de refroidissement, en particulier de ses parties en aluminium. Anti-\u00e9vaporation et anti-incrustation, ne produit pas de mousse. Dilu\u00e9 \u00e0 50% sur son volume, assure une protection hors gel jusqu&rsquo;\u00e0 \u2013 38\u00b0C. Disponible en versions PURE et -40.<\/span><\/p>\n<\/div>\n<\/div>\n<\/div>\n<\/div>\n","protected":false},"excerpt":{"rendered":"<div class=\"page\" title=\"Page 60\">\n<div class=\"section\">\n<div class=\"layoutArea\">\n<div class=\"column\">\n<p><span data-sheets-value=\"{&quot;1&quot;:2,&quot;2&quot;:&quot;LIQUIDE ANTIGEL POUR RADIATEURnProduit rouge concentr\u00e9 contenant des inhibiteurs de corrosion sp\u00e9ciaux - G12 - pour une protection efficace du circuit de refroidissement, en particulier de ses parties en aluminium. Anti-\u00e9vaporation et anti-incrustation, ne produit pas de mousse. Dilu\u00e9 \u00e0 50% sur son volume, assure une protection hors gel jusqu'\u00e0 \u2013 38\u00b0C. Disponible en versions PURE et -40.&quot;}\" data-sheets-userformat=\"{&quot;2&quot;:2819,&quot;3&quot;:{&quot;1&quot;:0},&quot;4&quot;:{&quot;1&quot;:2,&quot;2&quot;:16777215},&quot;11&quot;:4,&quot;12&quot;:0,&quot;14&quot;:{&quot;1&quot;:2,&quot;2&quot;:0}}\">LIQUIDE ANTIGEL POUR RADIATEUR<\/p>\n<p><\/span><\/p>\n<\/div>\n<\/div>\n<\/div>\n<\/div>\n","protected":false},"featured_media":3334,"template":"","meta":{"_acf_changed":false,"_seopress_robots_primary_cat":"","_seopress_titles_title":"","_seopress_titles_desc":"","_seopress_robots_index":"","_seopress_analysis_target_kw":""},"product_brand":[],"product_cat":[342,272],"product_tag":[],"class_list":{"0":"post-5037","1":"product","2":"type-product","3":"status-publish","4":"has-post-thumbnail","6":"product_cat-garages","7":"product_cat-linea-atasdet-fr","9":"first","10":"instock","11":"shipping-taxable","12":"product-type-variable"},"acf":[],"_links":{"self":[{"href":"https:\/\/www.atassrl.it\/fr\/wp-json\/wp\/v2\/product\/5037","targetHints":{"allow":["GET"]}}],"collection":[{"href":"https:\/\/www.atassrl.it\/fr\/wp-json\/wp\/v2\/product"}],"about":[{"href":"https:\/\/www.atassrl.it\/fr\/wp-json\/wp\/v2\/types\/product"}],"wp:featuredmedia":[{"embeddable":true,"href":"https:\/\/www.atassrl.it\/fr\/wp-json\/wp\/v2\/media\/3334"}],"wp:attachment":[{"href":"https:\/\/www.atassrl.it\/fr\/wp-json\/wp\/v2\/media?parent=5037"}],"wp:term":[{"taxonomy":"product_brand","embeddable":true,"href":"https:\/\/www.atassrl.it\/fr\/wp-json\/wp\/v2\/product_brand?post=5037"},{"taxonomy":"product_cat","embeddable":true,"href":"https:\/\/www.atassrl.it\/fr\/wp-json\/wp\/v2\/product_cat?post=5037"},{"taxonomy":"product_tag","embeddable":true,"href":"https:\/\/www.atassrl.it\/fr\/wp-json\/wp\/v2\/product_tag?post=5037"}],"curies":[{"name":"wp","href":"https:\/\/api.w.org\/{rel}","templated":true}]}}