{"id":5043,"date":"2019-07-12T16:54:47","date_gmt":"2019-07-12T14:54:47","guid":{"rendered":"http:\/\/atas.devsrvr.net\/prodotto\/d-m-s-1508\/"},"modified":"2022-10-10T16:34:03","modified_gmt":"2022-10-10T14:34:03","slug":"d-m-s-1508","status":"publish","type":"product","link":"https:\/\/www.atassrl.it\/fr\/prodotto\/d-m-s-1508\/","title":{"rendered":"D.M.S. 1508"},"content":{"rendered":"<div class=\"page\" title=\"Page 61\">\n<div class=\"section\">\n<div class=\"layoutArea\">\n<div class=\"column\">\n<p style=\"font-weight: 400;\">Excellent d\u00e9graissant qui, gr\u00e2ce au parfait \u00e9quilibre entre solvants et \u00e9mulsifiants, \u00e9limine les r\u00e9sidus d&rsquo;huile et les incrustations graisseuses des moteurs et des pi\u00e8ces m\u00e9caniques en g\u00e9n\u00e9ral, laissant les surfaces propres et brillantes. Il n&rsquo;alt\u00e8re pas les plastiques et les caoutchoucs, mais il est conseill\u00e9 d&rsquo;\u00e9viter tout contact prolong\u00e9. A utiliser avec un n\u00e9buliseur ou dans une cuve rotative. Apr\u00e8s le lavage, rincez abondamment.<\/p>\n<\/div>\n<\/div>\n<\/div>\n<\/div>\n","protected":false},"excerpt":{"rendered":"<div class=\"page\" title=\"Page 61\">\n<div class=\"section\">\n<div class=\"layoutArea\">\n<div class=\"column\">\n<div><span lang=\"DE\">D\u00c9TARTRANT POUR PI\u00c8CES M\u00c9CANIQUES<\/span><\/div>\n<\/div>\n<\/div>\n<\/div>\n<\/div>\n","protected":false},"featured_media":3222,"template":"","meta":{"_acf_changed":false,"_seopress_robots_primary_cat":"","_seopress_titles_title":"","_seopress_titles_desc":"","_seopress_robots_index":"","_seopress_analysis_target_kw":""},"product_brand":[],"product_cat":[342,338,272],"product_tag":[],"class_list":{"0":"post-5043","1":"product","2":"type-product","3":"status-publish","4":"has-post-thumbnail","6":"product_cat-garages","7":"product_cat-lave-moteurs","8":"product_cat-linea-atasdet-fr","10":"first","11":"instock","12":"shipping-taxable","13":"product-type-variable"},"acf":[],"_links":{"self":[{"href":"https:\/\/www.atassrl.it\/fr\/wp-json\/wp\/v2\/product\/5043","targetHints":{"allow":["GET"]}}],"collection":[{"href":"https:\/\/www.atassrl.it\/fr\/wp-json\/wp\/v2\/product"}],"about":[{"href":"https:\/\/www.atassrl.it\/fr\/wp-json\/wp\/v2\/types\/product"}],"wp:featuredmedia":[{"embeddable":true,"href":"https:\/\/www.atassrl.it\/fr\/wp-json\/wp\/v2\/media\/3222"}],"wp:attachment":[{"href":"https:\/\/www.atassrl.it\/fr\/wp-json\/wp\/v2\/media?parent=5043"}],"wp:term":[{"taxonomy":"product_brand","embeddable":true,"href":"https:\/\/www.atassrl.it\/fr\/wp-json\/wp\/v2\/product_brand?post=5043"},{"taxonomy":"product_cat","embeddable":true,"href":"https:\/\/www.atassrl.it\/fr\/wp-json\/wp\/v2\/product_cat?post=5043"},{"taxonomy":"product_tag","embeddable":true,"href":"https:\/\/www.atassrl.it\/fr\/wp-json\/wp\/v2\/product_tag?post=5043"}],"curies":[{"name":"wp","href":"https:\/\/api.w.org\/{rel}","templated":true}]}}