{"id":5053,"date":"2019-07-12T16:57:49","date_gmt":"2019-07-12T14:57:49","guid":{"rendered":"http:\/\/atas.devsrvr.net\/prodotto\/d-m-z-1512\/"},"modified":"2022-10-11T09:28:35","modified_gmt":"2022-10-11T07:28:35","slug":"d-m-z-1512","status":"publish","type":"product","link":"https:\/\/www.atassrl.it\/fr\/prodotto\/d-m-z-1512\/","title":{"rendered":"D.M.Z. 1512"},"content":{"rendered":"<div class=\"page\" title=\"Page 61\">\n<div class=\"section\">\n<div class=\"layoutArea\">\n<div class=\"column\">\n<p style=\"font-weight: 400;\">Convient pour le nettoyage externe des moteurs \u00e0 essence et diesel, il dissout rapidement la graisse, les d\u00e9p\u00f4ts de graisse et les boues sans laisser de r\u00e9sidus. Il n&rsquo;attaque pas les m\u00e9taux, les plastiques et les caoutchoucs. Il contient des tensioactifs biod\u00e9gradables. Il peut \u00eatre utilis\u00e9 pur ou dilu\u00e9 avec de l&rsquo;eau dans la mesure de 1 \u00e0 3 parties.<\/p>\n<\/div>\n<\/div>\n<\/div>\n<\/div>\n","protected":false},"excerpt":{"rendered":"<div class=\"page\" title=\"Page 61\">\n<div class=\"section\">\n<div class=\"layoutArea\">\n<div class=\"column\">\n<div><span lang=\"DE\">SPRAY POUR LE NETTOYAGE DU MOTEUR<\/span><\/div>\n<\/div>\n<\/div>\n<\/div>\n<\/div>\n","protected":false},"featured_media":3223,"template":"","meta":{"_acf_changed":false,"_seopress_robots_primary_cat":"","_seopress_titles_title":"","_seopress_titles_desc":"","_seopress_robots_index":"","_seopress_analysis_target_kw":""},"product_brand":[],"product_cat":[342,338,272],"product_tag":[],"class_list":{"0":"post-5053","1":"product","2":"type-product","3":"status-publish","4":"has-post-thumbnail","6":"product_cat-garages","7":"product_cat-lave-moteurs","8":"product_cat-linea-atasdet-fr","10":"first","11":"instock","12":"shipping-taxable","13":"product-type-variable"},"acf":[],"_links":{"self":[{"href":"https:\/\/www.atassrl.it\/fr\/wp-json\/wp\/v2\/product\/5053","targetHints":{"allow":["GET"]}}],"collection":[{"href":"https:\/\/www.atassrl.it\/fr\/wp-json\/wp\/v2\/product"}],"about":[{"href":"https:\/\/www.atassrl.it\/fr\/wp-json\/wp\/v2\/types\/product"}],"wp:featuredmedia":[{"embeddable":true,"href":"https:\/\/www.atassrl.it\/fr\/wp-json\/wp\/v2\/media\/3223"}],"wp:attachment":[{"href":"https:\/\/www.atassrl.it\/fr\/wp-json\/wp\/v2\/media?parent=5053"}],"wp:term":[{"taxonomy":"product_brand","embeddable":true,"href":"https:\/\/www.atassrl.it\/fr\/wp-json\/wp\/v2\/product_brand?post=5053"},{"taxonomy":"product_cat","embeddable":true,"href":"https:\/\/www.atassrl.it\/fr\/wp-json\/wp\/v2\/product_cat?post=5053"},{"taxonomy":"product_tag","embeddable":true,"href":"https:\/\/www.atassrl.it\/fr\/wp-json\/wp\/v2\/product_tag?post=5053"}],"curies":[{"name":"wp","href":"https:\/\/api.w.org\/{rel}","templated":true}]}}