{"id":5069,"date":"2019-07-15T15:10:01","date_gmt":"2019-07-15T13:10:01","guid":{"rendered":"http:\/\/atas.devsrvr.net\/prodotto\/motormec\/"},"modified":"2022-10-11T09:34:51","modified_gmt":"2022-10-11T07:34:51","slug":"motormec","status":"publish","type":"product","link":"https:\/\/www.atassrl.it\/fr\/prodotto\/motormec\/","title":{"rendered":"MOTORMEC"},"content":{"rendered":"<div class=\"page\" title=\"Page 62\">\n<div class=\"section\">\n<div class=\"layoutArea\">\n<div class=\"column\">\n<p style=\"font-weight: 400;\">D\u00e9tergent \u00e0 base de solvant adapt\u00e9 au nettoyage manuel \u00e0 la brosse. Il \u00e9limine les r\u00e9sidus graisseux et huileux des moteurs et des pi\u00e8ces m\u00e9caniques en g\u00e9n\u00e9ral. Gr\u00e2ce \u00e0 sa composition particuli\u00e8re, il attaque la salet\u00e9 en l&rsquo;\u00e9mulsionnant compl\u00e8tement, ne tache pas et n&rsquo;ab\u00eeme pas les pi\u00e8ces en plastique ou en caoutchouc. Produit \u00e0 faible \u00e9vaporation et \u00e0 faible odeur qui peut \u00e9galement \u00eatre utilis\u00e9 par pulv\u00e9risation. Sans rin\u00e7age.<\/p>\n<\/div>\n<\/div>\n<\/div>\n<\/div>\n","protected":false},"excerpt":{"rendered":"<div class=\"page\" title=\"Page 62\">\n<div class=\"section\">\n<div class=\"layoutArea\">\n<div class=\"column\">\n<div><span lang=\"DE\">D\u00c9GRAISSANT MANUEL POUR PI\u00c8CES M\u00c9CANIQUES<\/span><\/div>\n<\/div>\n<\/div>\n<\/div>\n<\/div>\n","protected":false},"featured_media":3261,"template":"","meta":{"_acf_changed":false,"_seopress_robots_primary_cat":"","_seopress_titles_title":"","_seopress_titles_desc":"","_seopress_robots_index":"","_seopress_analysis_target_kw":""},"product_brand":[],"product_cat":[342,338,272],"product_tag":[],"class_list":{"0":"post-5069","1":"product","2":"type-product","3":"status-publish","4":"has-post-thumbnail","6":"product_cat-garages","7":"product_cat-lave-moteurs","8":"product_cat-linea-atasdet-fr","10":"first","11":"instock","12":"shipping-taxable","13":"product-type-variable"},"acf":[],"_links":{"self":[{"href":"https:\/\/www.atassrl.it\/fr\/wp-json\/wp\/v2\/product\/5069","targetHints":{"allow":["GET"]}}],"collection":[{"href":"https:\/\/www.atassrl.it\/fr\/wp-json\/wp\/v2\/product"}],"about":[{"href":"https:\/\/www.atassrl.it\/fr\/wp-json\/wp\/v2\/types\/product"}],"wp:featuredmedia":[{"embeddable":true,"href":"https:\/\/www.atassrl.it\/fr\/wp-json\/wp\/v2\/media\/3261"}],"wp:attachment":[{"href":"https:\/\/www.atassrl.it\/fr\/wp-json\/wp\/v2\/media?parent=5069"}],"wp:term":[{"taxonomy":"product_brand","embeddable":true,"href":"https:\/\/www.atassrl.it\/fr\/wp-json\/wp\/v2\/product_brand?post=5069"},{"taxonomy":"product_cat","embeddable":true,"href":"https:\/\/www.atassrl.it\/fr\/wp-json\/wp\/v2\/product_cat?post=5069"},{"taxonomy":"product_tag","embeddable":true,"href":"https:\/\/www.atassrl.it\/fr\/wp-json\/wp\/v2\/product_tag?post=5069"}],"curies":[{"name":"wp","href":"https:\/\/api.w.org\/{rel}","templated":true}]}}