{"id":5083,"date":"2019-07-15T15:18:45","date_gmt":"2019-07-15T13:18:45","guid":{"rendered":"http:\/\/atas.devsrvr.net\/prodotto\/romec\/"},"modified":"2022-10-11T09:49:02","modified_gmt":"2022-10-11T07:49:02","slug":"romec","status":"publish","type":"product","link":"https:\/\/www.atassrl.it\/fr\/prodotto\/romec\/","title":{"rendered":"ROMEC"},"content":{"rendered":"<div class=\"page\" title=\"Page 63\">\n<div class=\"section\">\n<div class=\"layoutArea\">\n<div class=\"column\">\n<p style=\"font-weight: 400;\">Avec un pouvoir moussant r\u00e9duit, il convient au lavage de petites pi\u00e8ces et composants m\u00e9caniques en fer, acier, aluminium et ses alliages dans une cuve rotative. Les tensioactifs contenus stabilisent rapidement la salet\u00e9 grasse, laissant les surfaces propres et brillantes. Il peut \u00e9galement \u00eatre utilis\u00e9 par pulv\u00e9risation. Diluer avec de l&rsquo;eau 1\u00a0: 5-15.<\/p>\n<\/div>\n<\/div>\n<\/div>\n<\/div>\n","protected":false},"excerpt":{"rendered":"<div class=\"page\" title=\"Page 63\">\n<div class=\"section\">\n<div class=\"layoutArea\">\n<div class=\"column\">\n<div><span lang=\"DE\">D\u00c9GRAISSANT \u00c0 BASE D&rsquo;EAU POUR ALUMINIUM<\/span><\/div>\n<\/div>\n<\/div>\n<\/div>\n<\/div>\n","protected":false},"featured_media":3320,"template":"","meta":{"_acf_changed":false,"_seopress_robots_primary_cat":"","_seopress_titles_title":"","_seopress_titles_desc":"","_seopress_robots_index":"","_seopress_analysis_target_kw":""},"product_brand":[],"product_cat":[358,342,272],"product_tag":[],"class_list":{"0":"post-5083","1":"product","2":"type-product","3":"status-publish","4":"has-post-thumbnail","6":"product_cat-degraisseurs-pour-cuves-rotatives","7":"product_cat-garages","8":"product_cat-linea-atasdet-fr","10":"first","11":"instock","12":"shipping-taxable","13":"product-type-variable"},"acf":[],"_links":{"self":[{"href":"https:\/\/www.atassrl.it\/fr\/wp-json\/wp\/v2\/product\/5083","targetHints":{"allow":["GET"]}}],"collection":[{"href":"https:\/\/www.atassrl.it\/fr\/wp-json\/wp\/v2\/product"}],"about":[{"href":"https:\/\/www.atassrl.it\/fr\/wp-json\/wp\/v2\/types\/product"}],"wp:featuredmedia":[{"embeddable":true,"href":"https:\/\/www.atassrl.it\/fr\/wp-json\/wp\/v2\/media\/3320"}],"wp:attachment":[{"href":"https:\/\/www.atassrl.it\/fr\/wp-json\/wp\/v2\/media?parent=5083"}],"wp:term":[{"taxonomy":"product_brand","embeddable":true,"href":"https:\/\/www.atassrl.it\/fr\/wp-json\/wp\/v2\/product_brand?post=5083"},{"taxonomy":"product_cat","embeddable":true,"href":"https:\/\/www.atassrl.it\/fr\/wp-json\/wp\/v2\/product_cat?post=5083"},{"taxonomy":"product_tag","embeddable":true,"href":"https:\/\/www.atassrl.it\/fr\/wp-json\/wp\/v2\/product_tag?post=5083"}],"curies":[{"name":"wp","href":"https:\/\/api.w.org\/{rel}","templated":true}]}}