{"id":5089,"date":"2019-07-15T15:21:23","date_gmt":"2019-07-15T13:21:23","guid":{"rendered":"http:\/\/atas.devsrvr.net\/prodotto\/rovat\/"},"modified":"2022-10-11T10:00:30","modified_gmt":"2022-10-11T08:00:30","slug":"rovat","status":"publish","type":"product","link":"https:\/\/www.atassrl.it\/fr\/prodotto\/rovat\/","title":{"rendered":"ROVAT"},"content":{"rendered":"<div class=\"page\" title=\"Page 63\">\n<div class=\"section\">\n<div class=\"layoutArea\">\n<div class=\"column\">\n<p style=\"font-weight: 400;\">D\u00e9tergent alcalin concentr\u00e9 sp\u00e9cifique pour le lavage de pi\u00e8ces m\u00e9caniques en fer, fonte, acier, cuivre et laiton dans une cuve rotative. Il ne produit pas de mousse et dissout rapidement les r\u00e9sidus gras et huileux. Il peut \u00e9galement \u00eatre utilis\u00e9 par pulv\u00e9risation ou par trempage. \u00c9vitez les pi\u00e8ces en aluminium et ses alliages. Diluer avec de l&rsquo;eau 1 \u00e0 5-15.<\/p>\n<\/div>\n<\/div>\n<\/div>\n<\/div>\n","protected":false},"excerpt":{"rendered":"<div class=\"page\" title=\"Page 63\">\n<div class=\"section\">\n<div class=\"layoutArea\">\n<div class=\"column\">\n<p style=\"font-weight: 400;\">D\u00c9GRAISSANT \u00c0 BASE D&rsquo;EAU POUR PI\u00c8CES M\u00c9CANIQUES<\/p>\n<\/div>\n<\/div>\n<\/div>\n<\/div>\n","protected":false},"featured_media":3321,"template":"","meta":{"_acf_changed":false,"_seopress_robots_primary_cat":"","_seopress_titles_title":"","_seopress_titles_desc":"","_seopress_robots_index":"","_seopress_analysis_target_kw":""},"product_brand":[],"product_cat":[358,342,272],"product_tag":[],"class_list":{"0":"post-5089","1":"product","2":"type-product","3":"status-publish","4":"has-post-thumbnail","6":"product_cat-degraisseurs-pour-cuves-rotatives","7":"product_cat-garages","8":"product_cat-linea-atasdet-fr","10":"first","11":"instock","12":"shipping-taxable","13":"product-type-variable"},"acf":[],"_links":{"self":[{"href":"https:\/\/www.atassrl.it\/fr\/wp-json\/wp\/v2\/product\/5089","targetHints":{"allow":["GET"]}}],"collection":[{"href":"https:\/\/www.atassrl.it\/fr\/wp-json\/wp\/v2\/product"}],"about":[{"href":"https:\/\/www.atassrl.it\/fr\/wp-json\/wp\/v2\/types\/product"}],"wp:featuredmedia":[{"embeddable":true,"href":"https:\/\/www.atassrl.it\/fr\/wp-json\/wp\/v2\/media\/3321"}],"wp:attachment":[{"href":"https:\/\/www.atassrl.it\/fr\/wp-json\/wp\/v2\/media?parent=5089"}],"wp:term":[{"taxonomy":"product_brand","embeddable":true,"href":"https:\/\/www.atassrl.it\/fr\/wp-json\/wp\/v2\/product_brand?post=5089"},{"taxonomy":"product_cat","embeddable":true,"href":"https:\/\/www.atassrl.it\/fr\/wp-json\/wp\/v2\/product_cat?post=5089"},{"taxonomy":"product_tag","embeddable":true,"href":"https:\/\/www.atassrl.it\/fr\/wp-json\/wp\/v2\/product_tag?post=5089"}],"curies":[{"name":"wp","href":"https:\/\/api.w.org\/{rel}","templated":true}]}}